{"id":820,"date":"2020-10-19T09:54:48","date_gmt":"2020-10-19T07:54:48","guid":{"rendered":"https:\/\/www.apide.de\/?page_id=820"},"modified":"2025-10-14T11:50:08","modified_gmt":"2025-10-14T09:50:08","slug":"willkommen-bei-api","status":"publish","type":"page","link":"https:\/\/www.apide.de\/de\/","title":{"rendered":"Willkommen bei api"},"content":{"rendered":"<p>[cl_row background_image=&#8220;id:5062|url:https%253A%252F%252Fwww.apide.de%252Fwp-content%252Fuploads%252Fapide_startseite_flexiramp_DSCF8400_2.jpg&#8220; background_position=&#8220;center center&#8220; parallax=&#8220;1&#8243; css_style=&#8220;padding-top:300px|padding-bottom:300px&#8220; custom_width=&#8220;1140&#8243;][cl_column][cl_empty space=&#8220;400&#8243; custom_767=&#8220;200&#8243; custom_1024=&#8220;400&#8243;][\/cl_column][\/cl_row][cl_row fullheight=&#8220;1&#8243; background_image=&#8220;id:2937|url:http%253A%252F%252Fapi.stilbrand.com%252Fwp-content%252Fuploads%252F2020%252F11%252Fheader-flexiramp_550.jpg&#8220; background_position=&#8220;center center&#8220; extra_class=&#8220;slider-start no-dark-mode&#8220; device_visibility=&#8220;0:hidden-xs|1:hidden-sm|2:hidden-md|3:hidden-lg&#8220;][cl_column css_style=&#8220;padding-top:0px|padding-bottom:0px|padding-left:0px|padding-right:0px&#8220;][cl_row_inner][cl_column_inner width=&#8220;2\/3&#8243; css_style=&#8220;padding-top:20px|padding-bottom:15px|padding-left:0px|padding-right:0px&#8220;][cl_text custom_typography=&#8220;1&#8243; text_font_size=&#8220;24&#8243; text_line_height=&#8220;30&#8243; text_color=&#8220;#171316&#8243; text_transform=&#8220;uppercase&#8220;]<\/p>\n<p>Unterwegs sein mit der FlexiRamp von API<\/p>\n<p>[\/cl_text][\/cl_column_inner][cl_column_inner width=&#8220;1\/3&#8243; css_style=&#8220;padding-top:15px&#8220;][cl_button btn_title=&#8220;Mehr \u00fcber Flexiramp&#8220; overwrite_style=&#8220;1&#8243; button_bg_color=&#8220;#e43417&#8243; button_bg_color_hover=&#8220;#ffffff&#8220; button_font_color_hover=&#8220;#e43417&#8243; link=&#8220;\/de\/produkte\/flexi-ramp\/&#8220;][\/cl_column_inner][\/cl_row_inner][\/cl_column][\/cl_row][cl_row css_style=&#8220;padding-bottom:0&#8243;][cl_column][cl_row_inner css_style=&#8220;margin-top:px&#8220;][cl_column_inner][cl_custom_heading tag=&#8220;h1&#8243; typography=&#8220;h1&#8243; custom_responsive_768_bool=&#8220;1&#8243;]<\/p>\n<p>API: mobil bleiben miT behindertengerechten Autos<\/p>\n<p>[\/cl_custom_heading][cl_custom_heading typography=&#8220;h3&#8243; css_style=&#8220;margin-top:0px&#8220; custom_responsive_768_bool=&#8220;1&#8243;]<\/p>\n<p style=\"text-align: left;\">Selbstbestimmt und unabh\u00e4ngig<\/p>\n<p>[\/cl_custom_heading][cl_text css_style=&#8220;margin-top:15px&#8220;]<\/p>\n<p>Die api-Produkte FlexiRamp und Robot helfen Ihnen Grenzen zu \u00fcberwinden, die Ihnen Ihr K\u00f6rper oder Standardfahrzeuge setzen. Egal, ob Sie zur Arbeit fahren, Freunde treffen oder in den Urlaub reisen wollen, meistern Sie Ihren Lebensalltag selbstbestimmt, unabh\u00e4ngig und w\u00fcrdevoll in einem behindertengerechten Auto.<\/p>\n<p>[\/cl_text][cl_text]<\/p>\n<p>Unsere Ingenieure l\u00f6sen auch komplexe technische Herausforderungen beim Umbau von Behindertenfahrzeugen \u2013 nicht mit behelfsm\u00e4\u00dfigen Provisorien, sondern mit fachm\u00e4nnisch konstruierten, in eigenen Fertigungsanlagen produzierten und getesteten L\u00f6sungen. Dadurch garantieren wir Ihnen alltagstaugliche Anwenderfreundlichkeit und vor allem h\u00f6chste Sicherheit.<\/p>\n<p>Dieser Qualit\u00e4tsanspruch manifestiert sich in unserem Slogan<\/p>\n<p>[\/cl_text][cl_text custom_typography=&#8220;1&#8243; text_font_size=&#8220;30&#8243; text_font_weight=&#8220;700&#8243; text_transform=&#8220;uppercase&#8220; text_line_height=&#8220;40&#8243; custom_responsive_768_bool=&#8220;1&#8243;]<\/p>\n<p style=\"text-align: center;\">&#8222;Conversion without limits&#8220;<\/p>\n<p>[\/cl_text][cl_text custom_typography=&#8220;1&#8243; text_font_size=&#8220;20&#8243; text_line_height=&#8220;30&#8243; text_color=&#8220;#c5c6c8&#8243; css_style=&#8220;margin-top:5px&#8220;]<\/p>\n<p style=\"text-align: right;\">\u2013 Umbauten ohne Grenzen<\/p>\n<p>[\/cl_text][\/cl_column_inner][\/cl_row_inner][\/cl_column][\/cl_row][cl_row extra_class=&#8220;service-teaser-row&#8220; css_style=&#8220;padding-top:|padding-bottom:&#8220;][cl_column][cl_row_inner][cl_column_inner width=&#8220;1\/3&#8243;][cl_media image=&#8220;id:2899|url:http%253A%252F%252Fapi.stilbrand.com%252Fwp-content%252Fuploads%252F2020%252F11%252Fflexiramp_icon.png&#8220; shadow=&#8220;0&#8243; image_size=&#8220;theme_default&#8220; custom_width_bool=&#8220;1&#8243; custom_width=&#8220;150px&#8220; position=&#8220;center&#8220; custom_link=&#8220;\/de\/produkte\/flexi-ramp\/&#8220;][cl_service title=&#8220;<u>Flexiramp<\/u><\/p>\n<p><u><\/u>&#8220; subtitle=&#8220;&#8220; icon=&#8220;cl-icon-flow-parallel&#8220; service_link=&#8220;\/de\/produkte\/flexi-ramp\/&#8220; icon_font_size=&#8220;50&#8243; layout_type=&#8220;media_top&#8220; layout_align=&#8220;align_center&#8220; css_style=&#8220;padding-top:25px|padding-right:15px|padding-bottom:25px|padding-left:15px|margin-top:0px&#8220; wrapper_distance=&#8220;10&#8243; wrapper_size=&#8220;95&#8243; image=&#8220;id:78|url:http%253A%252F%252Fapi.stilbrand.com%252Fwp-content%252Fuploads%252F2017%252F09%252Fshutterstock_538146667.jpg&#8220;]<\/p>\n<p>Mit der Rollstuhlrampe FlexiRamp bleiben Sie mit Ihrem Auto mobil, um Ihren Lebensalltag selbstbestimmt und unabh\u00e4ngig zu gestalten.<\/p>\n<p>[\/cl_service][\/cl_column_inner][cl_column_inner width=&#8220;1\/3&#8243;][cl_media image=&#8220;id:2903|url:http%253A%252F%252Fapi.stilbrand.com%252Fwp-content%252Fuploads%252F2020%252F11%252Frobot_icon.png&#8220; shadow=&#8220;0&#8243; image_size=&#8220;theme_default&#8220; custom_width_bool=&#8220;1&#8243; custom_width=&#8220;150px&#8220; position=&#8220;center&#8220; custom_link=&#8220;\/de\/produkte\/robot\/&#8220;][cl_service title=&#8220;<u>Robot<\/u><\/p>\n<p><u><\/u>&#8220; icon=&#8220;cl-icon-flow-switch&#8220; layout_type=&#8220;media_top&#8220; layout_align=&#8220;align_center&#8220; css_style=&#8220;padding-top:25px|padding-right:15px|padding-bottom:25px|padding-left:15px|margin-top:0px&#8220; wrapper_distance=&#8220;10&#8243; icon_font_size=&#8220;50&#8243; wrapper_size=&#8220;95&#8243; service_link=&#8220;\/de\/produkte\/robot\/&#8220; subtitle=&#8220;&#8220;]<\/p>\n<p>Unsere intelligente Rollstuhlverladehilfe transportiert Ihren Rollstuhl zwischen Fahrert\u00fcr und Kofferraum. Ein simpler Knopfdruck gen\u00fcgt.<\/p>\n<p>[\/cl_service][\/cl_column_inner][cl_column_inner width=&#8220;1\/3&#8243;][cl_media image=&#8220;id:2945|url:http%253A%252F%252Fapi.stilbrand.com%252Fwp-content%252Fuploads%252F2020%252F11%252Ficon_api.png&#8220; shadow=&#8220;0&#8243; custom_width=&#8220;150&#8243; position=&#8220;center&#8220; custom_width_bool=&#8220;1&#8243; custom_link=&#8220;\/de\/produkte\/complete\/&#8220;][cl_service title=&#8220;<u>COMPLETE<\/u><\/p>\n<p><u><\/u>&#8220; icon=&#8220;cl-icon-group2&#8243; layout_type=&#8220;media_top&#8220; layout_align=&#8220;align_center&#8220; css_style=&#8220;padding-top:25px|padding-right:15px|padding-bottom:25px|padding-left:15px|margin-top:0px&#8220; wrapper_distance=&#8220;11&#8243; wrapper_size=&#8220;96&#8243; icon_font_size=&#8220;50&#8243; service_link=&#8220;\/de\/produkte\/complete\/&#8220; subtitle=&#8220;&#8220;]<\/p>\n<p>Behindertengerechte Komplettfahrzeuge an \u2013 f\u00fcr unsere Kundschaft sofort verf\u00fcgbar sowie einsetzbar und das ohne lange Wartezeiten !<\/p>\n<p>[\/cl_service][\/cl_column_inner][\/cl_row_inner][\/cl_column][\/cl_row][cl_row row_disabled=&#8220;1&#8243;][cl_column][cl_custom_heading tag=&#8220;h3&#8243; typography=&#8220;h5&#8243;]<\/p>\n<p style=\"text-align: center;\">Wir helfen Ihnen dabei die richtigen Produkte f\u00fcr Ihre Bed\u00fcrfnisse zu finden:<\/p>\n<p>[\/cl_custom_heading][cl_text]<script>\n                            if (window.qmn_quiz_data === undefined) {\n                                    window.qmn_quiz_data = new Object();\n                            }\n                    <\/script><div class='qsm-quiz-container qmn_quiz_container mlw_qmn_quiz '><img class=\"placeholder-img\" src=\"https:\/\/www.apide.de\/wp-content\/themes\/handel\/img\/placeholder-img.png\" alt=\"placeholder\" \/><form name='quizForm3' id='quizForm3' action='\/de\/wp-json\/wp\/v2\/pages\/820' method='POST' class='qsm-quiz-form qmn_quiz_form mlw_quiz_form' novalidate  enctype='multipart\/form-data'><input type='hidden' name='qsm_hidden_questions' id='qsm_hidden_questions' value=''><div id='mlw_error_message' class='qsm-error-message qmn_error_message_section'><\/div><span id='mlw_top_of_quiz'><\/span>                <section class=\"qsm-page  qsm-page-1\" data-pid=\"1\" data-prevbtn=\"0\" style='display: none;'>\n\t\t\t\t\t                                            <div class='quiz_section question-section-id-4'>\n                            <span class='mlw_qmn_question_number'>1. <\/span><span class='mlw_qmn_new_question'>Wie m\u00f6chten Sie ihr Fahrzeug nutzen?<\/span><span class='mlw_qmn_question  qsm_remove_bold' ><\/span><div class='qmn_radio_answers mlwRequiredRadio'><div class='qmn_mc_answer_wrap' id='question4-Fahrer'><input type='radio' class='qmn_quiz_radio' name='question4' id='question4_1' value='Fahrer' \/><label for='question4_1'>Fahrer<\/label><\/div><div class='qmn_mc_answer_wrap' id='question4-Passagier'><input type='radio' class='qmn_quiz_radio' name='question4' id='question4_2' value='Passagier' \/><label for='question4_2'>Passagier<\/label><\/div><input type='radio' style='display: none;' name='question4' id='question4_none' checked='checked' value='' \/><\/div>                        <\/div>\n                                        <\/section>\n                                <section class=\"qsm-page  qsm-page-2\" data-pid=\"2\" data-prevbtn=\"0\" style='display: none;'>\n\t\t\t\t\t                                            <div class='quiz_section question-section-id-6'>\n                            <span class='mlw_qmn_question_number'>2. <\/span><span class='mlw_qmn_new_question'>Wie sind Sie eingeschr\u00e4nkt?<\/span><span class='mlw_qmn_question  qsm_remove_bold' ><\/span><div class='qmn_radio_answers '><div class='qmn_mc_answer_wrap' id='question6-Monolegia'><input type='radio' class='qmn_quiz_radio' name='question6' id='question6_1' value='Monolegia' \/><label for='question6_1'>Monolegia<\/label><\/div><div class='qmn_mc_answer_wrap' id='question6-Hemiplegia'><input type='radio' class='qmn_quiz_radio' name='question6' id='question6_2' value='Hemiplegia' \/><label for='question6_2'>Hemiplegia<\/label><\/div><div class='qmn_mc_answer_wrap' id='question6-Paraplegia'><input type='radio' class='qmn_quiz_radio' name='question6' id='question6_3' value='Paraplegia' \/><label for='question6_3'>Paraplegia<\/label><\/div><input type='radio' style='display: none;' name='question6' id='question6_none' checked='checked' value='' \/><\/div>                        <\/div>\n                                        <\/section>\n                                <section class=\"qsm-page  qsm-page-3\" data-pid=\"3\" data-prevbtn=\"0\" style='display: none;'>\n\t\t\t\t\t                                            <div class='quiz_section question-section-id-9'>\n                            <span class='mlw_qmn_question_number'>3. <\/span><span class='mlw_qmn_new_question'>Was haben Sie f\u00fcr ein Fahrzeug?<\/span><span class='mlw_qmn_question  qsm_remove_bold' ><\/span><div class='qmn_radio_answers mlwRequiredRadio'><div class='qmn_mc_answer_wrap' id='question9-Neuwagen'><input type='radio' class='qmn_quiz_radio' name='question9' id='question9_1' value='Neuwagen' \/><label for='question9_1'>Neuwagen<\/label><\/div><div class='qmn_mc_answer_wrap' id='question9-Fahrzeug-umbauen'><input type='radio' class='qmn_quiz_radio' name='question9' id='question9_2' value='Fahrzeug umbauen' \/><label for='question9_2'>Fahrzeug umbauen<\/label><\/div><input type='radio' style='display: none;' name='question9' id='question9_none' checked='checked' value='' \/><\/div>                        <\/div>\n                                        <\/section>\n                        <!-- View for pagination -->\n        <script type=\"text\/template\" id=\"tmpl-qsm-pagination\">\n            <div class=\"qsm-pagination qmn_pagination border margin-bottom\">\n            <a class=\"qsm-btn qsm-previous qmn_btn mlw_qmn_quiz_link mlw_previous\" href=\"#\">Zur\u00fcck<\/a>\n            <span class=\"qmn_page_message\"><\/span>\n            <div class=\"qmn_page_counter_message\"><\/div>\n            <div class=\"qsm-progress-bar\" style=\"display:none;\"><div class=\"progressbar-text\"><\/div><\/div>\n            <a class=\"qsm-btn qsm-next qmn_btn mlw_qmn_quiz_link mlw_next\" href=\"#\">Weiter<\/a>\n            <input type='submit' class='qsm-btn qsm-submit-btn qmn_btn' value='Absenden' \/>\n            <\/div>\n        <\/script>\n        <input type='hidden' name='qmn_question_list' value='4Q6Q9Q' \/>\n        <div id='mlw_error_message_bottom' class='qsm-error-message qmn_error_message_section'><\/div><input type='hidden' name='total_questions' id='total_questions' value='3'\/><input type='hidden' name='timer' id='timer' value='0'\/><input type='hidden' name='timer_ms' id='timer_ms' value='0'\/><input type='hidden' class='qmn_quiz_id' name='qmn_quiz_id' id='qmn_quiz_id' value='3'\/><input type='hidden' name='complete_quiz' value='confirmation' \/><\/form><\/div><script>\n                            window.qmn_quiz_data[\"3\"] = {\"quiz_id\":\"3\",\"quiz_name\":\"Produktfinder\",\"disable_answer\":\"0\",\"ajax_show_correct\":\"0\",\"progress_bar\":\"0\",\"contact_info_location\":\"0\",\"qpages\":{\"1\":{\"id\":\"1\",\"quizID\":\"3\",\"pagekey\":\"xNYuFAPZ\",\"hide_prevbtn\":\"0\"},\"2\":{\"id\":\"2\",\"quizID\":\"3\",\"pagekey\":\"KNCj9Tkx\",\"hide_prevbtn\":\"0\"},\"3\":{\"id\":\"3\",\"quizID\":\"3\",\"pagekey\":\"WbNA8dBn\",\"hide_prevbtn\":\"0\"}},\"skip_validation_time_expire\":\"1\",\"timer_limit_val\":0,\"disable_scroll_next_previous_click\":\"0\",\"enable_result_after_timer_end\":\"0\",\"enable_quick_result_mc\":\"0\",\"enable_quick_correct_answer_info\":\"0\",\"quick_result_correct_answer_text\":\"Richtige Antwort!\",\"quick_result_wrong_answer_text\":\"Falsche Antwort!\",\"error_messages\":{\"email\":\"Ung\\u00fcltige E-Mailadresse!\",\"number\":\"Ung\\u00fcltige Telefonnummer!\",\"incorrect\":\"Ung\\u00fcltige Captcha!\",\"empty\":\"Bitte f\\u00fcllen Sie alle ben\\u00f6tigen Felder aus!\"}}\n                    <\/script><div style=\"display: none;\" class=\"qsm-popup qsm-popup-slide\" id=\"modal-3\" aria-hidden=\"false\"><div class=\"qsm-popup__overlay\" tabindex=\"-1\" data-micromodal-close=\"\"><div class=\"qsm-popup__container qmn_quiz_container\" role=\"dialog\" aria-modal=\"true\"><div class=\"qsm-popup__content\"><img src=\"https:\/\/www.apide.de\/wp-content\/plugins\/quiz-master-next\/assets\/clock.png\" alt=\"clock.png\"\/><p class=\"qsm-time-up-text\">Time is Up!<\/p><\/div><footer class=\"qsm-popup__footer\"><button class=\"qsm-popup-secondary-button qmn_btn\" data-micromodal-close=\"\" aria-label=\"Close this dialog window\">Cancel<\/button><button data-quiz_id=\"3\" class=\"submit-the-form qmn_btn\">Submit Quiz<\/button><\/footer><\/div><\/div><\/div>[\/cl_text][\/cl_column][\/cl_row][cl_row][cl_column animation=&#8220;zoom-in&#8220; animation_delay=&#8220;100&#8243;][cl_row_inner][cl_column_inner width=&#8220;1\/3&#8243;][cl_text custom_typography=&#8220;1&#8243; text_font_size=&#8220;64&#8243; text_color=&#8220;#e43417&#8243; css_style=&#8220;margin-top:15px&#8220; animation=&#8220;zoom-out&#8220; animation_delay=&#8220;400&#8243; animation_speed=&#8220;1000&#8243;]<\/p>\n<p style=\"text-align: center;\"><b>7<\/b><\/p>\n<p>[\/cl_text][cl_text custom_typography=&#8220;1&#8243; text_font_size=&#8220;25&#8243; text_font_weight=&#8220;300&#8243; text_line_height=&#8220;34&#8243; css_style=&#8220;margin-top:25px|margin-bottom:35px&#8220;]<\/p>\n<p style=\"text-align: center;\">verschiedene Sprachen spricht man im API-Team<\/p>\n<p>[\/cl_text][\/cl_column_inner][cl_column_inner width=&#8220;1\/3&#8243;][cl_text custom_typography=&#8220;1&#8243; text_font_size=&#8220;64&#8243; text_color=&#8220;#e43417&#8243; css_style=&#8220;margin-top:15px&#8220; animation=&#8220;zoom-out&#8220; animation_delay=&#8220;500&#8243; animation_speed=&#8220;1000&#8243;]<\/p>\n<p style=\"text-align: center;\"><b>1.620<br \/>\n<\/b><\/p>\n<p>[\/cl_text][cl_text custom_typography=&#8220;1&#8243; text_font_size=&#8220;25&#8243; text_font_weight=&#8220;300&#8243; text_line_height=&#8220;34&#8243; css_style=&#8220;margin-top:25px|margin-bottom:35px&#8220;]<\/p>\n<p align=\"center\">\u00a0 FlexiRamps werden<br \/>\npro Jahr hergestellt<\/p>\n<p>[\/cl_text][\/cl_column_inner][cl_column_inner width=&#8220;1\/3&#8243;][cl_text custom_typography=&#8220;1&#8243; text_font_size=&#8220;64&#8243; text_color=&#8220;#e43417&#8243; css_style=&#8220;margin-top:15px&#8220; animation=&#8220;zoom-out&#8220; animation_delay=&#8220;600&#8243; animation_speed=&#8220;1000&#8243;]<\/p>\n<p style=\"text-align: center;\"><b>4<\/b><\/p>\n<p>[\/cl_text][cl_text custom_typography=&#8220;1&#8243; text_font_size=&#8220;25&#8243; text_font_weight=&#8220;300&#8243; text_line_height=&#8220;34&#8243; css_style=&#8220;margin-top:25px|margin-bottom:15px&#8220;]<\/p>\n<p align=\"center\">Auf vier Kontinenten gibt<br \/>\nes gl\u00fcckliche API-Kunden<\/p>\n<p>[\/cl_text][\/cl_column_inner][\/cl_row_inner][\/cl_column][\/cl_row][cl_row][cl_column css_style=&#8220;padding-bottom:0px&#8220;][cl_custom_heading custom_responsive_768_bool=&#8220;1&#8243;]<\/p>\n<p style=\"text-align: center;\">Europaweites Netzwerk<\/p>\n<p>[\/cl_custom_heading][cl_gallery carousel_view_items=&#8220;1&#8243; items_per_row=&#8220;4&#8243; distance=&#8220;52&#8243; lightbox=&#8220;0&#8243; css_style=&#8220;padding-left:|padding-bottom:|margin-left:0px|padding-top:|margin-bottom:&#8220; images=&#8220;__array__2017,2013,2001,2005,2009,1997,3393,3521__array__end__&#8220; carousel_dots=&#8220;0&#8243; image_size=&#8220;theme_default&#8220;][cl_clients][cl_row_inner css_style=&#8220;margin-top:0px&#8220;][cl_column_inner width=&#8220;1\/6&#8243;][\/cl_column_inner][cl_column_inner width=&#8220;2\/3&#8243;][cl_text]<\/p>\n<p>Als Handels- und Serviceunternehmen versorgen wir ein europaweites Netzwerk an Vertragswerkst\u00e4tten mit FlexiRamp und Robot. Beide L\u00f6sungen sind kompatibel zu vielen Modellen der Fahrzeughersteller Volkswagen, Skoda, Fiat, Ford, der franz\u00f6sischen PSA-Gruppe (u.a. Citroen, Peugeot, Opel) und Toyota.<\/p>\n<p>[\/cl_text][cl_button btn_title=&#8220;Mehr \u00fcber den Umbau erfahren&#8220; link=&#8220;\/de\/ueber-api\/installation-und-ausbau\/&#8220;][\/cl_column_inner][cl_column_inner width=&#8220;1\/6&#8243;][\/cl_column_inner][\/cl_row_inner][\/cl_column][\/cl_row][cl_row background_position=&#8220;center center&#8220; overlay_color=&#8220;#e43417&#8243; overlay_opacity=&#8220;0.75&#8243; extra_class=&#8220;conversion-row dark-button&#8220; overlay_gradient=&#8220;blood_red&#8220;][cl_column animation=&#8220;zoom-in&#8220; animation_delay=&#8220;400&#8243; background_image=&#8220;id:255|url:http%253A%252F%252Fapi.stilbrand.com%252Fwp-content%252Fuploads%252F2020%252F10%252Fflexiramp-moodbild.jpg&#8220; background_position=&#8220;center center&#8220; overlay=&#8220;color&#8220; overlay_color=&#8220;#e43417&#8243; overlay_opacity=&#8220;0.75&#8243; css_style=&#8220;padding-top:30px|padding-bottom:30px&#8220; animation_speed=&#8220;600&#8243;][cl_custom_heading typography=&#8220;custom_font&#8220; text_font_size=&#8220;24&#8243; text_color=&#8220;#ffffff&#8220; text_font_weight=&#8220;600&#8243;]<\/p>\n<p style=\"text-align: center;\">Warum api?<\/p>\n<p>[\/cl_custom_heading][cl_text custom_typography=&#8220;1&#8243; text_font_size=&#8220;22&#8243; text_font_weight=&#8220;600&#8243; text_line_height=&#8220;32&#8243; text_color=&#8220;#ffffff&#8220; css_style=&#8220;margin-top:15px|margin-left:45px|margin-right:45px&#8220;]<\/p>\n<p style=\"text-align: center;\">Menschen mit eingeschr\u00e4nkter Bewegungsfreiheit ihre Mobilit\u00e4t zur\u00fcckgeben &#8211; das ist unsere Leidenschaft. Wir sind api Deutschland und bieten L\u00f6sungen und technischen Service f\u00fcr den Fahrzeugumbau f\u00fcr gehandicapte Menschen.<\/p>\n<p>[\/cl_text][cl_button button_bg_color=&#8220;#57585a&#8220; button_bg_color_hover=&#8220;#ffffff&#8220; animation_delay=&#8220;100&#8243; animation_speed=&#8220;300&#8243; btn_title=&#8220;ERFAHREN SIE MEHR \u00dcBER UNSERE MOTIVATION&#8220; link=&#8220;\/de\/ueber-api\/&#8220;][\/cl_column][\/cl_row][cl_row css_style=&#8220;padding-top:5px&#8220; background_position=&#8220;center center&#8220; overlay_color=&#8220;#e43417&#8243; overlay_opacity=&#8220;1&#8243;][cl_column animation_delay=&#8220;100&#8243;][cl_divider][cl_custom_heading custom_responsive_768_bool=&#8220;1&#8243;]<\/p>\n<p style=\"text-align: center;\">Wissenswertes \u00fcber API<\/p>\n<p>[\/cl_custom_heading][cl_blog blog_nobox=&#8220;0&#8243; blog_remove_meta=&#8220;1&#8243; blog_image_lazyload=&#8220;1&#8243; carousel_dots=&#8220;0&#8243; posts_per_page=&#8220;3&#8243; blog_style=&#8220;masonry&#8220;][\/cl_column][\/cl_row]<\/p>\n","protected":false},"excerpt":{"rendered":"<p>[cl_row background_image=&#8220;id:5062|url:https%253A%252F%252Fwww.apide.de%252Fwp-content%252Fuploads%252Fapide_startseite_flexiramp_DSCF8400_2.jpg&#8220; background_position=&#8220;center center&#8220; parallax=&#8220;1&#8243; css_style=&#8220;padding-top:300px|padding-bottom:300px&#8220; custom_width=&#8220;1140&#8243;][cl_column][cl_empty space=&#8220;400&#8243; custom_767=&#8220;200&#8243; custom_1024=&#8220;400&#8243;][\/cl_column][\/cl_row][cl_row fullheight=&#8220;1&#8243; background_image=&#8220;id:2937|url:http%253A%252F%252Fapi.stilbrand.com%252Fwp-content%252Fuploads%252F2020%252F11%252Fheader-flexiramp_550.jpg&#8220; background_position=&#8220;center center&#8220; extra_class=&#8220;slider-start no-dark-mode&#8220; device_visibility=&#8220;0:hidden-xs|1:hidden-sm|2:hidden-md|3:hidden-lg&#8220;][cl_column css_style=&#8220;padding-top:0px|padding-bottom:0px|padding-left:0px|padding-right:0px&#8220;][cl_row_inner][cl_column_inner width=&#8220;2\/3&#8243; css_style=&#8220;padding-top:20px|padding-bottom:15px|padding-left:0px|padding-right:0px&#8220;][cl_text custom_typography=&#8220;1&#8243; text_font_size=&#8220;24&#8243; text_line_height=&#8220;30&#8243; text_color=&#8220;#171316&#8243; text_transform=&#8220;uppercase&#8220;] Unterwegs sein mit der FlexiRamp von API [\/cl_text][\/cl_column_inner][cl_column_inner width=&#8220;1\/3&#8243; css_style=&#8220;padding-top:15px&#8220;][cl_button btn_title=&#8220;Mehr \u00fcber Flexiramp&#8220; overwrite_style=&#8220;1&#8243; button_bg_color=&#8220;#e43417&#8243; button_bg_color_hover=&#8220;#ffffff&#8220; button_font_color_hover=&#8220;#e43417&#8243; link=&#8220;\/de\/produkte\/flexi-ramp\/&#8220;][\/cl_column_inner][\/cl_row_inner][\/cl_column][\/cl_row][cl_row css_style=&#8220;padding-bottom:0&#8243;][cl_column][cl_row_inner css_style=&#8220;margin-top:px&#8220;][cl_column_inner][cl_custom_heading [&hellip;]<\/p>\n","protected":false},"author":1,"featured_media":0,"parent":0,"menu_order":1,"comment_status":"closed","ping_status":"closed","template":"","meta":[],"_links":{"self":[{"href":"https:\/\/www.apide.de\/de\/wp-json\/wp\/v2\/pages\/820"}],"collection":[{"href":"https:\/\/www.apide.de\/de\/wp-json\/wp\/v2\/pages"}],"about":[{"href":"https:\/\/www.apide.de\/de\/wp-json\/wp\/v2\/types\/page"}],"author":[{"embeddable":true,"href":"https:\/\/www.apide.de\/de\/wp-json\/wp\/v2\/users\/1"}],"replies":[{"embeddable":true,"href":"https:\/\/www.apide.de\/de\/wp-json\/wp\/v2\/comments?post=820"}],"version-history":[{"count":272,"href":"https:\/\/www.apide.de\/de\/wp-json\/wp\/v2\/pages\/820\/revisions"}],"predecessor-version":[{"id":5108,"href":"https:\/\/www.apide.de\/de\/wp-json\/wp\/v2\/pages\/820\/revisions\/5108"}],"wp:attachment":[{"href":"https:\/\/www.apide.de\/de\/wp-json\/wp\/v2\/media?parent=820"}],"curies":[{"name":"wp","href":"https:\/\/api.w.org\/{rel}","templated":true}]}}