{"id":5007,"date":"2025-03-07T13:09:05","date_gmt":"2025-03-07T12:09:07","guid":{"rendered":"https:\/\/www.apide.de\/produkte\/robot-2\/"},"modified":"2025-05-05T11:20:38","modified_gmt":"2025-05-05T09:20:38","slug":"complete","status":"publish","type":"page","link":"https:\/\/www.apide.de\/de\/produkte\/complete\/","title":{"rendered":"Complete"},"content":{"rendered":"<p>[cl_row columns_gap=&#8220;19&#8243; css_style=&#8220;padding-top:0px|padding-bottom:0px&#8220; background_image=&#8220;id:5016|url:https%253A%252F%252Fwww.apide.de%252Fwp-content%252Fuploads%252FAPI_Complete_header_120636.jpg&#8220; background_position=&#8220;center center&#8220;][cl_column][cl_empty space=&#8220;300px&#8220;][\/cl_column][\/cl_row][cl_row css_style=&#8220;padding-bottom:0&#8243;][cl_column][cl_custom_heading tag=&#8220;h1&#8243; typography=&#8220;h1&#8243; custom_responsive_768_bool=&#8220;1&#8243;]<\/p>\n<p style=\"text-align: left\">API Complete<\/p>\n<p>\t[\/cl_custom_heading][cl_custom_heading typography=&#8220;h3&#8243; css_style=&#8220;margin-top:0px&#8220; custom_responsive_768_bool=&#8220;1&#8243;]<\/p>\n<p>Wenn sie weder warten k\u00f6nnen <br \/>noch warten wollen!<\/p>\n<p>\t[\/cl_custom_heading][cl_text css_style=&#8220;margin-top:15px&#8220;]<\/p>\n<p>Neben der individuellen Umr\u00fcstung von Fahrzeugen mit Flexiramp oder Robot bietet das Unternehmen nun auch fertige, behindertengerechte Neuwagen, Tageszulassungen, Ausstellungsfahrzeuge und Jahreswagen an. Diese sofort verf\u00fcgbaren Fahrzeuge sind eine attraktive Alternative zu den langen Wartezeiten, die aktuell bei den meisten Automobilherstellern f\u00fcr Neuwagen bestehen. Besonders f\u00fcr Kunden, die schnell mobil sein m\u00fcssen, bietet API Deutschland eine flexible L\u00f6sung, die keine langen Wartezeiten erfordert.<\/p>\n<p>[\/cl_text][\/cl_column][\/cl_row][cl_row][cl_column][cl_row_inner][cl_column_inner width=&#8220;1\/2&#8243;][cl_custom_heading typography=&#8220;h1&#8243; css_style=&#8220;margin-bottom:0px&#8220; custom_responsive_768_bool=&#8220;1&#8243;]<\/p>\n<p>DIE Vorteile <br \/>auf einen Blick<\/p>\n<p>\t[\/cl_custom_heading][\/cl_column_inner][cl_column_inner width=&#8220;1\/2&#8243;][cl_list][cl_list_item] Schnelle Verf\u00fcgbarkeit: Keine langen Lieferzeiten \u2013 Fahrzeuge sofort erh\u00e4ltlich.[\/cl_list_item][cl_list_item]Vielf\u00e4ltige Optionen: Neuwagen, Tageszulassungen, Ausstellungsfahrzeuge oder Jahreswagen.[\/cl_list_item][cl_list_item]Individuelle Anpassung: Fahrzeuge mit Flexiramp oder Robot f\u00fcr barrierefreien Zugang.[\/cl_list_item][cl_list_item]Zukunftssicher: Neueste Technologie und Sicherheitsstandards f\u00fcr behindertengerechte Mobilit\u00e4t.[\/cl_list_item][cl_list_item]F\u00fcr Privat- und Gesch\u00e4ftskunden: Flexibel, schnell und ohne b\u00fcrokratische H\u00fcrden.[\/cl_list_item][\/cl_list][\/cl_column_inner][\/cl_row_inner][\/cl_column][\/cl_row][cl_row css_style=&#8220;padding-top:px|margin-top:30px&#8220;][cl_column][cl_custom_heading typography=&#8220;h6&#8243;]<\/p>\n<p>Unkompliziert und schnell<\/p>\n<p>\t[\/cl_custom_heading][cl_text]<\/p>\n<p>Profitieren Sie von einer unkomplizierten L\u00f6sung, um schnell und barrierefrei auf die Stra\u00dfe zu kommen. Kontaktieren Sie einfach unsere Kundenberater Michael Kopitzki oder Stephan Schwartz und lassen sich zu verf\u00fcgbaren Fahrzeugen beraten.<\/p>\n<p>[\/cl_text][cl_media position=&#8220;center&#8220; image=&#8220;id:5035|url:https%253A%252F%252Fwww.apide.de%252Fwp-content%252Fuploads%252FAPI_Complete_Beispiel_01.jpg&#8220; video=&#8220;youtube&#8220; css_style=&#8220;margin-top:0px|margin-bottom:|padding-top:30px&#8220; shadow=&#8220;0&#8243; autoplay=&#8220;0&#8243; height=&#8220;350&#8243; lazyload=&#8220;1&#8243;][cl_custom_heading typography=&#8220;h6&#8243;]Aktuelle Fahrzeuge<br \/>[\/cl_custom_heading][cl_text custom_typography=&#8220;1&#8243;]<\/p>\n<p>Aktuelle verf\u00fcgbare COMPLETE-Fahrzeuge finden Sie derzeit bei mobile.de und wir haben regelm\u00e4ssig weitere Fahrzeuge im Zulauf! Also schauen Sie regelm\u00e4ssig bei Bedarf immer mal wieder vorbei.<\/p>\n<p>[\/cl_text][cl_media position=&#8220;center&#8220; image=&#8220;id:5021|url:https%253A%252F%252Fwww.apide.de%252Fwp-content%252Fuploads%252Fmobile-de-logo.png&#8220; video=&#8220;youtube&#8220; css_style=&#8220;margin-top:0px|margin-bottom:|padding-top:30px&#8220; shadow=&#8220;0&#8243; autoplay=&#8220;0&#8243; height=&#8220;350&#8243; lazyload=&#8220;1&#8243; custom_link=&#8220;&#8220;][cl_button btn_title=&#8220;Jetzt zu mobile.de wechseln&#8220; link=&#8220;https:\/\/home.mobile.de\/APIDEGMBH#ses&#8220; target=&#8220;_blank&#8220;][\/cl_column][\/cl_row][cl_row overlay_color=&#8220;#57585a&#8220; overlay_opacity=&#8220;0.65&#8243; background_position=&#8220;center center&#8220;][cl_column background_image=&#8220;id:2250|url:http%253A%252F%252Fapi.stilbrand.com%252Fwp-content%252Fuploads%252F2020%252F11%252Funterwegs.jpg&#8220; css_style=&#8220;padding-top:100px|padding-left:30px|padding-right:20px&#8220; background_position=&#8220;center center&#8220; overlay=&#8220;color&#8220; overlay_color=&#8220;#57585a&#8220; overlay_opacity=&#8220;0.6&#8243;][cl_row_inner][cl_column_inner width=&#8220;1\/2&#8243;][cl_text custom_typography=&#8220;1&#8243; text_font_size=&#8220;40&#8243; text_font_weight=&#8220;700&#8243; text_line_height=&#8220;48&#8243; text_color=&#8220;#ffffff&#8220; css_style=&#8220;padding-top:|padding-bottom:|margin-bottom:80px&#8220; custom_responsive_768_bool=&#8220;1&#8243;]Haben wir Ihr Interesse geweckt?[\/cl_text][\/cl_column_inner][cl_column_inner width=&#8220;1\/2&#8243;][cl_contact_form7 id=&#8220;3457&#8243;][\/cl_column_inner][\/cl_row_inner][\/cl_column][\/cl_row]<\/p>\n","protected":false},"excerpt":{"rendered":"<p>[cl_row columns_gap=&#8220;19&#8243; css_style=&#8220;padding-top:0px|padding-bottom:0px&#8220; background_image=&#8220;id:5016|url:https%253A%252F%252Fwww.apide.de%252Fwp-content%252Fuploads%252FAPI_Complete_header_120636.jpg&#8220; background_position=&#8220;center center&#8220;][cl_column][cl_empty space=&#8220;300px&#8220;][\/cl_column][\/cl_row][cl_row css_style=&#8220;padding-bottom:0&#8243;][cl_column][cl_custom_heading tag=&#8220;h1&#8243; typography=&#8220;h1&#8243; custom_responsive_768_bool=&#8220;1&#8243;] API Complete [\/cl_custom_heading][cl_custom_heading typography=&#8220;h3&#8243; css_style=&#8220;margin-top:0px&#8220; custom_responsive_768_bool=&#8220;1&#8243;] Wenn sie weder warten k\u00f6nnen noch warten wollen! [\/cl_custom_heading][cl_text css_style=&#8220;margin-top:15px&#8220;] Neben der individuellen Umr\u00fcstung von Fahrzeugen mit Flexiramp oder Robot bietet das Unternehmen nun auch fertige, behindertengerechte Neuwagen, [&hellip;]<\/p>\n","protected":false},"author":3,"featured_media":0,"parent":1170,"menu_order":1,"comment_status":"closed","ping_status":"closed","template":"","meta":[],"_links":{"self":[{"href":"https:\/\/www.apide.de\/de\/wp-json\/wp\/v2\/pages\/5007"}],"collection":[{"href":"https:\/\/www.apide.de\/de\/wp-json\/wp\/v2\/pages"}],"about":[{"href":"https:\/\/www.apide.de\/de\/wp-json\/wp\/v2\/types\/page"}],"author":[{"embeddable":true,"href":"https:\/\/www.apide.de\/de\/wp-json\/wp\/v2\/users\/3"}],"replies":[{"embeddable":true,"href":"https:\/\/www.apide.de\/de\/wp-json\/wp\/v2\/comments?post=5007"}],"version-history":[{"count":12,"href":"https:\/\/www.apide.de\/de\/wp-json\/wp\/v2\/pages\/5007\/revisions"}],"predecessor-version":[{"id":5080,"href":"https:\/\/www.apide.de\/de\/wp-json\/wp\/v2\/pages\/5007\/revisions\/5080"}],"up":[{"embeddable":true,"href":"https:\/\/www.apide.de\/de\/wp-json\/wp\/v2\/pages\/1170"}],"wp:attachment":[{"href":"https:\/\/www.apide.de\/de\/wp-json\/wp\/v2\/media?parent=5007"}],"curies":[{"name":"wp","href":"https:\/\/api.w.org\/{rel}","templated":true}]}}