{"id":1543,"date":"2020-10-20T14:58:05","date_gmt":"2020-10-20T12:58:05","guid":{"rendered":"https:\/\/www.apide.de\/?page_id=1543"},"modified":"2021-02-02T15:15:54","modified_gmt":"2021-02-02T14:15:54","slug":"haftungsausschluss","status":"publish","type":"page","link":"https:\/\/www.apide.de\/de\/haftungsausschluss\/","title":{"rendered":"Haftungsausschluss"},"content":{"rendered":"<p>[cl_row css_style=&#8220;padding-bottom:0&#8243;][cl_column][cl_row_inner css_style=&#8220;margin-top:px&#8220;][cl_column_inner width=&#8220;1\/6&#8243;][\/cl_column_inner][cl_column_inner width=&#8220;2\/3&#8243;][cl_custom_heading tag=&#8220;h1&#8243; typography=&#8220;h1&#8243;]<\/p>\n<p style=\"text-align: left\">Haftung<\/p>\n<p>\t[\/cl_custom_heading][cl_text css_style=&#8220;margin-top:15px&#8220;]<\/p>\n<p><b>Haftungshinweise<\/b><\/p>\n<p>Diese Website wurde mit sorgf\u00e4ltigster inhaltlicher Kontrolle zusammengestellt. Dennoch sind Fehlerfreiheit und Genauigkeit der enthaltenen Informationen ohne Gew\u00e4hr. Jegliche Haftung f\u00fcr Sch\u00e4den, die direkt oder indirekt aus der Benutzung dieser Website entstehen, wird ausgeschlossen. Ebenso \u00fcbernehmen wir keine Haftung f\u00fcr die Inhalte externer Links. F\u00fcr die verlinkten Seiten sind ausschlie\u00dflich deren Betreiber verantwortlich. \u00c4nderungen im Zuge des technischen Fortschrittes behalten wir uns vor.<\/p>\n<p><b>Haftung f\u00fcr Links<\/b><\/p>\n<p>Unser Angebot enth\u00e4lt Links zu externen Webseiten Dritter, auf deren Inhalte wir keinen Einfluss haben. Deshalb k\u00f6nnen wir f\u00fcr diese fremden Inhalte auch keine Gew\u00e4hr \u00fcbernehmen. F\u00fcr die Inhalte der verlinkten Seiten ist stets der jeweilige Anbieter oder Betreiber der Seiten verantwortlich. Die verlinkten Seiten wurden zum Zeitpunkt der Verlinkung auf m\u00f6gliche Rechtsverst\u00f6\u00dfe \u00fcberpr\u00fcft. Rechtswidrige Inhalte waren zum Zeitpunkt der Verlinkung nicht erkennbar. Eine permanente inhaltliche Kontrolle der verlinkten Seiten ist jedoch ohne konkrete Anhaltspunkte einer Rechtsverletzung nicht zumutbar. Bei bekannt werden von Rechtsverletzungen werden wir derartige Links umgehend entfernen.<\/p>\n<p>[\/cl_text][\/cl_column_inner][cl_column_inner width=&#8220;1\/6&#8243;][\/cl_column_inner][\/cl_row_inner][\/cl_column][\/cl_row]<\/p>\n","protected":false},"excerpt":{"rendered":"<p>[cl_row css_style=&#8220;padding-bottom:0&#8243;][cl_column][cl_row_inner css_style=&#8220;margin-top:px&#8220;][cl_column_inner width=&#8220;1\/6&#8243;][\/cl_column_inner][cl_column_inner width=&#8220;2\/3&#8243;][cl_custom_heading tag=&#8220;h1&#8243; typography=&#8220;h1&#8243;] Haftung [\/cl_custom_heading][cl_text css_style=&#8220;margin-top:15px&#8220;] Haftungshinweise Diese Website wurde mit sorgf\u00e4ltigster inhaltlicher Kontrolle zusammengestellt. Dennoch sind Fehlerfreiheit und Genauigkeit der enthaltenen Informationen ohne Gew\u00e4hr. Jegliche Haftung f\u00fcr Sch\u00e4den, die direkt oder indirekt aus der Benutzung dieser Website entstehen, wird ausgeschlossen. [&hellip;]<\/p>\n","protected":false},"author":1,"featured_media":0,"parent":0,"menu_order":9,"comment_status":"closed","ping_status":"closed","template":"","meta":[],"_links":{"self":[{"href":"https:\/\/www.apide.de\/de\/wp-json\/wp\/v2\/pages\/1543"}],"collection":[{"href":"https:\/\/www.apide.de\/de\/wp-json\/wp\/v2\/pages"}],"about":[{"href":"https:\/\/www.apide.de\/de\/wp-json\/wp\/v2\/types\/page"}],"author":[{"embeddable":true,"href":"https:\/\/www.apide.de\/de\/wp-json\/wp\/v2\/users\/1"}],"replies":[{"embeddable":true,"href":"https:\/\/www.apide.de\/de\/wp-json\/wp\/v2\/comments?post=1543"}],"version-history":[{"count":5,"href":"https:\/\/www.apide.de\/de\/wp-json\/wp\/v2\/pages\/1543\/revisions"}],"predecessor-version":[{"id":3440,"href":"https:\/\/www.apide.de\/de\/wp-json\/wp\/v2\/pages\/1543\/revisions\/3440"}],"wp:attachment":[{"href":"https:\/\/www.apide.de\/de\/wp-json\/wp\/v2\/media?parent=1543"}],"curies":[{"name":"wp","href":"https:\/\/api.w.org\/{rel}","templated":true}]}}