{"id":1541,"date":"2020-10-20T14:56:31","date_gmt":"2020-10-20T12:56:31","guid":{"rendered":"https:\/\/www.apide.de\/?page_id=1541"},"modified":"2021-02-09T16:21:35","modified_gmt":"2021-02-09T15:21:35","slug":"datenschutz","status":"publish","type":"page","link":"https:\/\/www.apide.de\/de\/datenschutz\/","title":{"rendered":"Datenschutzerkl\u00e4rung"},"content":{"rendered":"<p>[cl_row css_style=&#8220;padding-bottom:0&#8243;][cl_column][cl_row_inner css_style=&#8220;margin-top:px&#8220;][cl_column_inner width=&#8220;1\/6&#8243;][\/cl_column_inner][cl_column_inner width=&#8220;2\/3&#8243;][cl_custom_heading tag=&#8220;h1&#8243; typography=&#8220;h1&#8243;]<\/p>\n<p style=\"text-align: left;\">Datenschutzerkl\u00e4rung<\/p>\n<p>[\/cl_custom_heading][cl_text css_style=&#8220;margin-top:15px&#8220;]<\/p>\n<p>API DE nimmt den Schutz Ihrer pers\u00f6nlichen Daten ernst. Diese Datenschutzerkl\u00e4rung gilt f\u00fcr unsere Services, offline und online, einschlie\u00dflich unserer Websites und E-Mail-Kommunikation.<\/p>\n<p>Bei Fragen zu dieser Datenschutzerkl\u00e4rung stehen wir Ihnen gerne zur Verf\u00fcgung. Bitte kontaktieren Sie uns per Post unter folgender Adresse:<\/p>\n<p>API DE GmbH<br \/>\n<span style=\"letter-spacing: 0px;\">Karl_Marx-Str. 22-24<br \/>\n<\/span><span style=\"letter-spacing: 0px;\">D 12529 Sch\u00f6nefeld OT Gro\u00dfziethen<\/span><\/p>\n<p>Sie k\u00f6nnen uns auch eine E-Mail senden,contact@apicz.com, oder anrufen +49 3379 310 6274.<\/p>\n<p>[\/cl_text][cl_custom_heading]Informationen, die wir sammeln und wie wir sie verwenden[\/cl_custom_heading][cl_text css_style=&#8220;margin-top:15px&#8220;]<\/p>\n<p>Wir verarbeiten Ihre Daten zu den unten n\u00e4her dargelegten Zwecken. Die Rechtsgrundlage f\u00fcr die Verarbeitung durch uns ist, dass die Verarbeitung f\u00fcr die Erf\u00fcllung eines Vertrages, dessen Parteien Sie und API DE sind oder damit API DE vor Abschluss eines Vertrages auf Ihre Aufforderung Schritte unternimmt, notwendig ist. API DE kann seine Services und Produkte gem\u00e4\u00df Vertr\u00e4gen nur dann bereitstellen, wenn Sie uns die notwendigen Personendaten verf\u00fcgbar machen.<\/p>\n<p>Zus\u00e4tzlich zu den oder statt der oben dargelegten Rechtsgrundlagen, k\u00f6nnen wir, wenn wir die Einwilligung erhalten haben, Ihre Informationen verarbeiten als Reaktion auf eine Anfrage von Ihnen oder wegen des berechtigten Interesses von API DE f\u00fcr Marketingzwecke oder um Sie ansonsten \u00fcber unsere Gesch\u00e4ftst\u00e4tigkeit zu informieren. Dies betrifft sowohl unsere Kunden und potentielle Kunden als auch unsere Gesch\u00e4ftspartner und Lieferanten.<\/p>\n<p><b>E-Mail\u202f<\/b>-\u202fWir k\u00f6nnen folgende Informationen sammeln: Anfragezeitpunkt, Anfragedatum und\/oder vollst\u00e4ndige IP-Adresse bei Nutzung unserer Online-Services, vollst\u00e4ndiger Name und E-Mail-Adresse, zus\u00e4tzlich jede Nachricht und jeden Anhang, die Sie eventuell mit Ihrer E-Mail gesendet haben. Manchmal k\u00f6nnen wir Sie nach Ihrem Land und Ihrer bevorzugten Sprache fragen, um Sie besser unterst\u00fctzen zu k\u00f6nnen. Diese Daten werden verwendet, um Sie per E-Mail als Antwort auf Ihre Anfrage hin zu kontaktieren sowie f\u00fcr das Marketing von Services oder Informationen per E-Mail, sofern Sie sich f\u00fcr unseren Newsletters angemeldet haben. Sind Sie ein Kunde, ein potentieller Kunde oder ein Lieferant von API DE, k\u00f6nnen Sie E-Mail-Marketing und\/oder Informationen zus\u00e4tzlich zu E-Mails hinsichtlich unserer Gesch\u00e4ftsbeziehung zu Ihnen erhalten. Diese Daten werden von uns und wie in Weitergabe und Offenlegung beschrieben verwendet.<\/p>\n<p><b>Formulare, Telefonnummern und sonstige Daten<\/b>\u202f-\u202fWir k\u00f6nnen folgende Informationen sammeln: Anfragezeitpunkt, Anfragedatum und\/oder vollst\u00e4ndige IP-Adresse (gegebenenfalls) sowie die Informationen, die Sie bei Nutzung unserer Online-Services in die Formularfelder eingeben oder die Sie uns auf andere Weise verf\u00fcgbar machen, wie Name, E-Mail-Adresse, Telefonnummer, Anschrift und\/oder sonstige Personendaten. Diese Daten werden f\u00fcr die folgenden Zwecke verwendet: Fertigstellung und Unterst\u00fctzung der aktuellen Aktivit\u00e4t oder Ihrer Anfrage sowie Forschung und Entwicklung unserer Produkte und Services. F\u00fcr diese Nutzung werden die Informationen in anonymisierter Form verwendet. Sind Sie ein Kunde, ein potentieller Kunde oder ein Lieferant von API DE, k\u00f6nnen Sie Marketing und\/oder Informationen zus\u00e4tzlich zu Angelegenheiten hinsichtlich unserer Gesch\u00e4ftsbeziehung oder potentiellen Gesch\u00e4ftsbeziehung zu Ihnen erhalten. Diese Daten werden von uns und wie in Weitergabe und Offenlegung beschrieben verwendet.<\/p>\n<p><b>Werbung<\/b> \u2013 Wir k\u00f6nnen Informationen f\u00fcr verschiedene interessenbasierte-Werbung-Funktionen sammeln. Dazu geh\u00f6ren Demografische-Merkmale- und Interessen-Berichterstattung, Remarketing, GDN Impression-Berichterstellung und die DoubleClick-Campaign- Manager-Integration. (Google)<\/p>\n<p><b>Statistiken und Anmeldedaten<\/b> \u2013 Wir k\u00f6nnen folgende Informationen sammeln: Computerdaten, Navigations- und Click-Stream-Daten, interaktive Daten und Statusmanagementmechanismen, falls unsere Online-Services genutzt werden. Diese Daten werden f\u00fcr die folgenden Zwecke verwendet: Fertigstellung und Unterst\u00fctzung der aktuellen Aktivit\u00e4t, Website- und Systemadministration, Forschung und Entwicklung, einmalige Anpassung, anonyme Benutzeranalyse, anonyme Benutzerprofilanalyse und Entscheidungsfindung, allgemeine Verwaltung. Diese Daten werden von uns und unseren Agenten verwendet. Wir sammeln diese Daten, um unsere Websites und Kampagnen zu verbessern und Ihnen einen hochwertigeren Service anzubieten.<\/p>\n<p><b>Cookies\u202f<\/b>-\u202fWir verwenden\u202fCookies, um Informationen in Zusammenhang mit Ihrem Besuch auf unseren Websites und Services f\u00fcr Analysezwecke des Website-Traffic und\/oder Verbesserung von Traffic und Besuchererlebnis wie zum Beispiel Google Analytics oder andere Werkzeuge, Informationen zu erfassen und zu speichern.<\/p>\n<p>Sie k\u00f6nnen Cookies in Ihrem Browser auch deaktivieren, um zu verhindern, dass bei Ihrem Besuch auf unseren Websites Daten gesammelt werden. Sie k\u00f6nnen auch Google Analytics derzeit verf\u00fcgbaren\u202fOpt-outs\u202ff\u00fcr das Web verwenden.<\/p>\n<p><b>Weitergabe und Offenlegung <\/b>\u2013 Wir k\u00f6nnen Ihre Personendaten offenlegen, falls dies von Strafverfolgungs-, Regierungs- oder Regulierungsbeh\u00f6rden gefordert wird.<\/p>\n<p>Wir k\u00f6nnen Ihre Daten auch an andere Unternehmen des Konzerns, zu dem API DE geh\u00f6rt, wie beispielsweise Eigent\u00fcmer und Tochtergesellschaften, und an unsere Partner und H\u00e4ndler weitergeben, um Anfragen von Ihnen nachzukommen, zum Beispiel um Sie an einen H\u00e4ndler in Ihrem Land zu verweisen oder um unsere vertraglichen Verpflichtungen Ihnen gegen\u00fcber zu erf\u00fcllen. Wir k\u00f6nnen Ihre Personendaten auch an die gleiche Empf\u00e4ngerkategorie weitergeben, um unseren Verpflichtungen in einer Gesch\u00e4ftsbeziehung nachzukommen. Falls wir alle unsere Verm\u00f6genswerte oder einen Teil davon an Dritten verkaufen oder abtreten, behalten wir uns das Recht vor, Ihre notwendigen Personendaten ebenfalls zu transferieren und wir werden uns in angemessener Weis darum bem\u00fchen, Ihnen einen solchen Transfer im Voraus bekanntzugeben.<\/p>\n<p>Dies kann einen Transfer au\u00dferhalb der EU und EEC beinhalten, in diesem Fall werden wir sicherstellen, dass Ihre Personendaten in ein Land transferiert werden, das gem\u00e4\u00df EU-Kommission \u00fcber ein angemessenes Schutzniveau verf\u00fcgt, oder falls dies nicht der Fall ist, dass das Unternehmen oder die Organisation, an das\/die die Daten transferiert werden, sich einer Rahmengesetzgebung (wie EU-US Datenschutz) angeschlossen hat, das Unternehmen oder die Organisation von einer zust\u00e4ndigen Aufsichtsbeh\u00f6rde gebilligte, verbindliche unternehmensinterne Datenschutzregelungen angenommen hat, oder wenn die betreffenden Parteien Standardschutzklauseln, die von der Kommission (bekannt als \u201eStandardmodellklauseln\u201c) oder von einer Aufsichtsbeh\u00f6rde angenommen wurden, unterzeichnet haben oder dass sonstige Rechtsgrundlagen f\u00fcr diesen Transfer gem\u00e4\u00df geltendem Datenschutzgesetz g\u00fcltig sind. Sie k\u00f6nnen uns wie hier angegeben kontaktieren, um weitere Informationen \u00fcber diese Transfers zu erhalten.<\/p>\n<a href=\"#\" class=\"_brlbs-btn-cookie-preference borlabs-cookie-preference\">Cookie Einstellungen \u00e4ndern<\/a>\n<p>[\/cl_text][cl_custom_heading]<\/p>\n<p>Ihre Rechte und Wahlm\u00f6glichkeiten<\/p>\n<p>[\/cl_custom_heading][cl_text]<\/p>\n<p>Falls Sie keine E-Mail-Marketing-Kommunikation von uns erhalten m\u00f6chten, klicken Sie den Link \u201eMeine Abonnements verwalten und abbestellen\u201c in der betreffenden E-Mail an. Dies erm\u00f6glicht es Ihnen, sich von dieser E-Mail-Mailingliste zu entfernen. Sie k\u00f6nnen dies bei jeder E-Mail-Marketing-Nachricht von uns tun. Sie k\u00f6nnen sich von allen Mitteilungen abmelden au\u00dfer von bestimmten auf die Services bezogenen Mitteilungen wie Auftragsbest\u00e4tigungen oder wichtigen auf das Konto bezogenen Mitteilungen.<\/p>\n<p>Sie k\u00f6nnen sich jederzeit an uns wenden. Unsere Kontaktangaben finden Sie ganz oben auf dieser Seite:<\/p>\n<p>[\/cl_text][cl_list][cl_list_item]Wenn Sie Ihre unrichtigen Personendaten berichtigen wollen.\u00a0[\/cl_list_item][cl_list_item]Wenn Sie wollen, dass wir Ihre Personendaten aus unseren Datens\u00e4tzen l\u00f6schen, falls die Gr\u00fcnde f\u00fcr die L\u00f6schung gem\u00e4\u00df geltendem Datenschutzgesetz g\u00fcltig sind.[\/cl_list_item][cl_list_item]Wenn Sie die Verarbeitung von Personendaten durch uns beschr\u00e4nken wollen, falls die Gr\u00fcnde f\u00fcr diese Beschr\u00e4nkung gem\u00e4\u00df anwendbarem Datenschutzgesetz g\u00fcltig sind.[\/cl_list_item][cl_list_item]Wenn Sie die Sie betreffenden Personendaten, die Sie uns bereitgestellt haben, in einem h\u00e4ufig verwendeten und maschinenlesbaren Format (Daten\u00fcbertragbarkeit) erhalten wollen.[\/cl_list_item][\/cl_list][cl_text]Zu Ihrem Schutz bitten wir Sie, Ihre Identit\u00e4t nachzuweisen, bevor wir Ihnen Ihre Personendaten bereitstellen. Kraft Gesetzes und\/oder f\u00fcr unsere berechtigten Gesch\u00e4ftszwecke kann es sein, dass wir bestimmte Informationen behalten m\u00fcssen.<\/p>\n<p><span style=\"letter-spacing: 0px;\">\u00a0<\/span><\/p>\n<p><span style=\"letter-spacing: 0px;\">Wir verarbeiten Ihre Personendaten so lange wie n\u00f6tig, um einen bestehenden und rechtsverbindlichen Vertrag zwischen API DE und Ihnen zu erf\u00fcllen oder aus gesetzlichen Gr\u00fcnden. Wir werden Ihre Daten f\u00fcr den Zeitraum, in dem API DE ein berechtigtes Interesse hat, Ihre Daten zu verarbeiten und dieses Interesse Ihr Interesse oder grundlegende Rechte und Freiheiten \u00fcberwiegt, f\u00fcr Marketingzwecke und Informationen \u00fcber unsere Gesch\u00e4ftst\u00e4tigkeiten oder bis Sie uns gem\u00e4\u00df Ihrer Rechte oben informieren, weiter verarbeiten. Wenn und soweit Sie uns die Einwilligung gegeben haben, Ihre Personendaten zu verarbeiten, werden wir die betreffenden Informationen bei Widerruf der Einwilligung l\u00f6schen.<\/span><\/p>\n<p>[\/cl_text][cl_custom_heading]<\/p>\n<p>Beschwerden hinsichtlich unserer Verarbeitung Ihrer Daten<\/p>\n<p>[\/cl_custom_heading][cl_text]<\/p>\n<p>Sind Sie der Auffassung, dass wir unsere Datenschutzerkl\u00e4rung in irgendeiner Weise nicht befolgt haben, werden wir unser Bestes tun, um Ihnen zu helfen, Ihr Problem zu l\u00f6sen.<\/p>\n<p>Kontaktieren Sie uns per E-Mail an contact@apicz.com. Sie k\u00f6nnen uns auch telefonisch +49 (0)3379 3106274 oder per Fax +49 (0)3379 3218248 kontaktieren.<\/p>\n<p>Sie k\u00f6nnen auch bei der zust\u00e4ndigen Beh\u00f6rde eine Beschwerde einreichen. In Deutschland ist dies, Die Bundesbeauftragte f\u00fcr den Datenschutz und die Informationsfreiheit, www.bfdi.bund.de. Diese Datenschutzrichtlinien unterliegen dem deutschen Recht.<\/p>\n<p>[\/cl_text][cl_custom_heading]<\/p>\n<p>Aktualisierungen<\/p>\n<p>[\/cl_custom_heading][cl_text]<\/p>\n<p>Bitte beachten Sie, dass sich diese Datenschutzrichtlinien von Zeit zu Zeit \u00e4ndern k\u00f6nnen. Etwaige \u00c4nderungen werden auf dieser Seite ver\u00f6ffentlicht.<\/p>\n<p>[\/cl_text][\/cl_column_inner][cl_column_inner width=&#8220;1\/6&#8243;][\/cl_column_inner][\/cl_row_inner][\/cl_column][\/cl_row]<\/p>\n","protected":false},"excerpt":{"rendered":"<p>[cl_row css_style=&#8220;padding-bottom:0&#8243;][cl_column][cl_row_inner css_style=&#8220;margin-top:px&#8220;][cl_column_inner width=&#8220;1\/6&#8243;][\/cl_column_inner][cl_column_inner width=&#8220;2\/3&#8243;][cl_custom_heading tag=&#8220;h1&#8243; typography=&#8220;h1&#8243;] Datenschutzerkl\u00e4rung [\/cl_custom_heading][cl_text css_style=&#8220;margin-top:15px&#8220;] API DE nimmt den Schutz Ihrer pers\u00f6nlichen Daten ernst. Diese Datenschutzerkl\u00e4rung gilt f\u00fcr unsere Services, offline und online, einschlie\u00dflich unserer Websites und E-Mail-Kommunikation. Bei Fragen zu dieser Datenschutzerkl\u00e4rung stehen wir Ihnen gerne zur Verf\u00fcgung. Bitte [&hellip;]<\/p>\n","protected":false},"author":1,"featured_media":0,"parent":0,"menu_order":8,"comment_status":"closed","ping_status":"closed","template":"","meta":[],"_links":{"self":[{"href":"https:\/\/www.apide.de\/de\/wp-json\/wp\/v2\/pages\/1541"}],"collection":[{"href":"https:\/\/www.apide.de\/de\/wp-json\/wp\/v2\/pages"}],"about":[{"href":"https:\/\/www.apide.de\/de\/wp-json\/wp\/v2\/types\/page"}],"author":[{"embeddable":true,"href":"https:\/\/www.apide.de\/de\/wp-json\/wp\/v2\/users\/1"}],"replies":[{"embeddable":true,"href":"https:\/\/www.apide.de\/de\/wp-json\/wp\/v2\/comments?post=1541"}],"version-history":[{"count":9,"href":"https:\/\/www.apide.de\/de\/wp-json\/wp\/v2\/pages\/1541\/revisions"}],"predecessor-version":[{"id":3561,"href":"https:\/\/www.apide.de\/de\/wp-json\/wp\/v2\/pages\/1541\/revisions\/3561"}],"wp:attachment":[{"href":"https:\/\/www.apide.de\/de\/wp-json\/wp\/v2\/media?parent=1541"}],"curies":[{"name":"wp","href":"https:\/\/api.w.org\/{rel}","templated":true}]}}