{"id":1539,"date":"2020-10-20T14:56:15","date_gmt":"2020-10-20T12:56:15","guid":{"rendered":"https:\/\/www.apide.de\/?page_id=1539"},"modified":"2026-03-12T12:50:50","modified_gmt":"2026-03-12T11:50:50","slug":"impressum","status":"publish","type":"page","link":"https:\/\/www.apide.de\/de\/impressum\/","title":{"rendered":"Impressum"},"content":{"rendered":"<p>[cl_row css_style=&#8220;padding-bottom:0&#8243;][cl_column][cl_row_inner css_style=&#8220;margin-top:px&#8220;][cl_column_inner width=&#8220;1\/6&#8243;][\/cl_column_inner][cl_column_inner width=&#8220;2\/3&#8243;][cl_custom_heading tag=&#8220;h1&#8243; typography=&#8220;h1&#8243;]<\/p>\n<p style=\"text-align: left;\">ImPressum<\/p>\n<p>[\/cl_custom_heading][cl_text]<\/p>\n<p>Herausgeber und Inhaltlich Verantwortlicher gem\u00e4\u00df \u00a7 6 MDStV.:<\/p>\n<h3>API DE GmbH<\/h3>\n<p>Am Winkel 17a<br \/>\nD-15528 Spreenhagen<\/p>\n<p>Telefon +49(0)3379 \u2013 31 062 74<br \/>\nTelefax +49(0)3379 \u2013 32 182 48<br \/>\nE-Mail:\u00a0<a href=\"#\">contact@apicz.com<\/a><\/p>\n<p>Handelsregister: Frankfurt\/Oder HRB 19638 FF<br \/>\nGesch\u00e4ftsf\u00fchrer: Stephan Schwartz, Sjoerd van der Wal<\/p>\n<div><\/div>\n<p><b>Markenkommunikation &amp; Webseitenentwicklung:<\/b><br \/>\n<a class=\"customize-unpreviewable\" href=\"#\">stilbrand DESIGNWERKSTATT \u00b7 Berlin<\/a><\/p>\n<p>Unsere Anwaltsempfehlung: <a class=\"customize-unpreviewable\" href=\"#\">Anwalt<\/a> SGB<\/p>\n<h5><\/h5>\n<h5>Urheberrecht<\/h5>\n<p>Die durch die Seitenbetreiber erstellten Inhalte und Werke auf diesen Seiten unterliegen dem deutschen Urheberrecht. Beitr\u00e4ge Dritter sind als solche gekennzeichnet. Die Vervielf\u00e4ltigung, Bearbeitung, Verbreitung und jede Art der Verwertung au\u00dferhalb der Grenzen des Urheberrechtes bed\u00fcrfen der schriftlichen Zustimmung des jeweiligen Autors bzw. Erstellers. Downloads und Kopien dieser Seite sind nur f\u00fcr den privaten, nicht kommerziellen Gebrauch gestattet. Die Betreiber der Seiten sind bem\u00fcht, stets die Urheberrechte anderer zu beachten bzw. auf selbst erstellte sowie lizenzfreie Werke zur\u00fcckzugreifen.<\/p>\n<h5><\/h5>\n<h5>Schutzrechtsverletzung<\/h5>\n<p>Falls Sie vermuten, dass von dieser Website aus eines Ihrer Schutzrechte verletzt wird, teilen Sie uns das bitte umgehend per E-Mail mit, damit entsprechende Abhilfe geschaffen werden kann.<\/p>\n<h5>Datenschutzerkl\u00e4rung<\/h5>\n<p>Als Betreiber von apide.de\u00a0nehmen wir den Schutz Ihrer pers\u00f6nlichen Daten sehr ernst und halten uns an die Regeln der Datenschutzgesetze. Die nachfolgende Erkl\u00e4rung gibt Ihnen einen \u00dcberblick dar\u00fcber, welche Art von Daten zu welchem Zweck erhoben werden und in welchem Umfang diese Daten Dritten zug\u00e4nglich gemacht werden.<\/p>\n<h5>Datenverarbeitung auf\u00a0apide.de<\/h5>\n<p>In den Serverstatistiken (z. B. den Server-Logfiles) werden Daten gespeichert, die Ihr Browser automatisch \u00fcbermittelt. Dies sind:<\/p>\n<ul>\n<li>Browsertyp und -version<\/li>\n<li>verwendetes Betriebssystem<\/li>\n<li>Referrer-URL (die zuvor besuchte Seite)<\/li>\n<li>Hostname des zugreifenden Rechners (IP-Adresse)<\/li>\n<li>Uhrzeit der Serveranfrage<\/li>\n<\/ul>\n<p>Es ist f\u00fcr uns nicht m\u00f6glich, diese Daten bestimmten Personen zuzuordnen. Auch eine Zusammenf\u00fchrung dieser Daten mit anderen Datenquellen wird von uns nicht vorgenommen.<\/p>\n<h5><\/h5>\n<h5>E-Mails<\/h5>\n<p>Selbstverst\u00e4ndlich erfassen und speichern wir solche Informationen, die Sie auf apide.de\u00a0eingeben oder uns in sonstiger Weise \u00fcbermitteln. Das betrifft etwa Namen, E-Mail-Adressen und URLs, die Sie in die entsprechenden Kontaktformulare eintragen. Diese Angaben geschehen freiwillig und werden in keiner Weise \u00fcberpr\u00fcft. Daten werden auch erfasst und gespeichert, wenn Sie E-Mails an uns senden.<\/p>\n<h5><\/h5>\n<h5>Auskunftsrecht<\/h5>\n<p>Sollten weitere Fragen zum Thema Datensicherheit bestehen, k\u00f6nnen diese gerne unter\u00a0<a href=\"#\">contact@apicz.com<\/a>\u00a0an uns gestellt werden.<\/p>\n<h5>Datenschutzerkl\u00e4rung f\u00fcr die Nutzung von Google Analytics<\/h5>\n<p>Diese Website benutzt Google Analytics, einen Webanalysedienst der Google Inc. (\u201cGoogle\u201d). Google Analytics verwendet sog. \u201cCookies\u201d, Textdateien, die auf Ihrem Computer gespeichert werden und die eine Analyse der Benutzung der Website durch Sie erm\u00f6glichen. Die durch den Cookie erzeugten Informationen \u00fcber Ihre Benutzung dieser Website werden in der Regel an einen Server von Google in den USA \u00fcbertragen und dort gespeichert. Im Falle der Aktivierung der IP-Anonymisierung auf dieser Webseite wird Ihre IP-Adresse von Google jedoch innerhalb von Mitgliedstaaten der Europ\u00e4ischen Union oder in anderen Vertragsstaaten des Abkommens \u00fcber den Europ\u00e4ischen Wirtschaftsraum zuvor gek\u00fcrzt.<\/p>\n<p>Nur in Ausnahmef\u00e4llen wird die volle IP-Adresse an einen Server von Google in den USA \u00fcbertragen und dort gek\u00fcrzt. Im Auftrag des Betreibers dieser Website wird Google diese Informationen benutzen, um Ihre Nutzung der Website auszuwerten, um Reports \u00fcber die Websiteaktivit\u00e4ten zusammenzustellen und um weitere mit der Websitenutzung und der Internetnutzung verbundene Dienstleistungen gegen\u00fcber dem Websitebetreiber zu erbringen. Die im Rahmen von Google Analytics von Ihrem Browser \u00fcbermittelte IP-Adresse wird nicht mit anderen Daten von Google zusammengef\u00fchrt.<\/p>\n<p>Sie k\u00f6nnen die Speicherung der Cookies durch eine entsprechende Einstellung Ihrer Browser-Software verhindern; wir weisen Sie jedoch darauf hin, dass Sie in diesem Fall gegebenenfalls nicht s\u00e4mtliche Funktionen dieser Website vollumf\u00e4nglich werden nutzen k\u00f6nnen. Sie k\u00f6nnen dar\u00fcber hinaus die Erfassung der durch das Cookie erzeugten und auf Ihre Nutzung der Website bezogenen Daten (inkl. Ihrer IP-Adresse) an Google sowie die Verarbeitung dieser Daten durch Google verhindern, indem sie das unter dem folgenden Link verf\u00fcgbare Browser-Plugin herunterladen und installieren:<a class=\"customize-unpreviewable\" href=\"#\" target=\"_blank\" rel=\"noopener noreferrer\"> http:\/\/tools.google.com\/dlpage\/gaoptout?hl=de.<\/a>\u00a0<span style=\"letter-spacing: 0px;\">\u00a0<\/span><\/p>\n<p>[\/cl_text][\/cl_column_inner][cl_column_inner width=&#8220;1\/6&#8243;][\/cl_column_inner][\/cl_row_inner][\/cl_column][\/cl_row]<\/p>\n","protected":false},"excerpt":{"rendered":"<p>[cl_row css_style=&#8220;padding-bottom:0&#8243;][cl_column][cl_row_inner css_style=&#8220;margin-top:px&#8220;][cl_column_inner width=&#8220;1\/6&#8243;][\/cl_column_inner][cl_column_inner width=&#8220;2\/3&#8243;][cl_custom_heading tag=&#8220;h1&#8243; typography=&#8220;h1&#8243;] ImPressum [\/cl_custom_heading][cl_text] Herausgeber und Inhaltlich Verantwortlicher gem\u00e4\u00df \u00a7 6 MDStV.: API DE GmbH Am Winkel 17a D-15528 Spreenhagen Telefon +49(0)3379 \u2013 31 062 74 Telefax +49(0)3379 \u2013 32 182 48 E-Mail:\u00a0contact@apicz.com Handelsregister: Frankfurt\/Oder HRB 19638 FF Gesch\u00e4ftsf\u00fchrer: Stephan [&hellip;]<\/p>\n","protected":false},"author":1,"featured_media":0,"parent":0,"menu_order":7,"comment_status":"closed","ping_status":"closed","template":"","meta":[],"_links":{"self":[{"href":"https:\/\/www.apide.de\/de\/wp-json\/wp\/v2\/pages\/1539"}],"collection":[{"href":"https:\/\/www.apide.de\/de\/wp-json\/wp\/v2\/pages"}],"about":[{"href":"https:\/\/www.apide.de\/de\/wp-json\/wp\/v2\/types\/page"}],"author":[{"embeddable":true,"href":"https:\/\/www.apide.de\/de\/wp-json\/wp\/v2\/users\/1"}],"replies":[{"embeddable":true,"href":"https:\/\/www.apide.de\/de\/wp-json\/wp\/v2\/comments?post=1539"}],"version-history":[{"count":15,"href":"https:\/\/www.apide.de\/de\/wp-json\/wp\/v2\/pages\/1539\/revisions"}],"predecessor-version":[{"id":5166,"href":"https:\/\/www.apide.de\/de\/wp-json\/wp\/v2\/pages\/1539\/revisions\/5166"}],"wp:attachment":[{"href":"https:\/\/www.apide.de\/de\/wp-json\/wp\/v2\/media?parent=1539"}],"curies":[{"name":"wp","href":"https:\/\/api.w.org\/{rel}","templated":true}]}}