{"id":1529,"date":"2020-10-20T14:53:28","date_gmt":"2020-10-20T12:53:28","guid":{"rendered":"https:\/\/www.apide.de\/?page_id=1529"},"modified":"2021-02-10T11:20:35","modified_gmt":"2021-02-10T10:20:35","slug":"installation-und-ausbau","status":"publish","type":"page","link":"https:\/\/www.apide.de\/de\/ueber-api\/installation-und-ausbau\/","title":{"rendered":"Installation &#038; Ausbau"},"content":{"rendered":"<p>[cl_row css_style=&#8220;padding-bottom:0|padding-top:40px&#8220;][cl_column][cl_custom_heading tag=&#8220;h1&#8243; typography=&#8220;h1&#8243; custom_responsive_768_bool=&#8220;1&#8243;]INSTALLATION &amp; AUSBAU<br \/>\n[\/cl_custom_heading][cl_text css_style=&#8220;margin-top:15px&#8220;]<\/p>\n<p>API Deutschland nimmt selbst KEINE Fahrzeugumr\u00fcstungen vor \u2013 im Gegensatz zu unserer tschechischen Muttergesellschaft.<\/p>\n<p>Wir verstehen uns als Dienstleister, der sich auf den Handel und den Verkauf von Produkten rund um den Umbau f\u00fcr behindertengerechte Automobile spezialisiert hat. Wir unterst\u00fctzen unsere Partner mit genauer Beratung und tiefem technischem Know-how, bis die Endkunden bestens bedient sind.<\/p>\n<p>Eingebaut werden die von uns vertriebenen Produkte durch eine Vielzahl von regionalen Umbaupartnern. Der gro\u00dfe Vorteil f\u00fcr die Endkunden ist, dass sie ihr Fahrzeug in einer Werkstatt aus ihrer Region umr\u00fcsten lassen k\u00f6nnen. Das spart lange Reise- und Transportwege und ist f\u00fcr die sp\u00e4tere Wartung sehr vorteilhaft.<\/p>\n<p>Zu den gr\u00f6\u00dften Umbaupartnern z\u00e4hlen unter anderem die Firmen Activa Automobil-Service GmbH, Autolift (Italien), Auto-Spezial Hesse GmbH oder MobilTec GmbH und viele weitere Werkst\u00e4tten in Deutschland und ganz Europa.<\/p>\n<p>[\/cl_text][cl_button btn_title=&#8220;Hier finden Sie den Umbau-Partner in Ihrer Region&#8220; link=&#8220;\/de\/vertriebspartner\/&#8220;][cl_text]<\/p>\n<p>Zuallererst vertreiben wir nat\u00fcrlich unsere eigenen Produkte FlexiRamp und Robot 11. Dar\u00fcber hinaus umfasst unsere Angebotspalette viele weitere Erzeugnisse aus unserem breiten Partnernetzwerk<\/p>\n<p>[\/cl_text][\/cl_column][\/cl_row]<\/p>\n","protected":false},"excerpt":{"rendered":"<p>[cl_row css_style=&#8220;padding-bottom:0|padding-top:40px&#8220;][cl_column][cl_custom_heading tag=&#8220;h1&#8243; typography=&#8220;h1&#8243; custom_responsive_768_bool=&#8220;1&#8243;]INSTALLATION &amp; AUSBAU [\/cl_custom_heading][cl_text css_style=&#8220;margin-top:15px&#8220;] API Deutschland nimmt selbst KEINE Fahrzeugumr\u00fcstungen vor \u2013 im Gegensatz zu unserer tschechischen Muttergesellschaft. Wir verstehen uns als Dienstleister, der sich auf den Handel und den Verkauf von Produkten rund um den Umbau f\u00fcr behindertengerechte Automobile [&hellip;]<\/p>\n","protected":false},"author":1,"featured_media":0,"parent":1525,"menu_order":1,"comment_status":"closed","ping_status":"closed","template":"","meta":[],"_links":{"self":[{"href":"https:\/\/www.apide.de\/de\/wp-json\/wp\/v2\/pages\/1529"}],"collection":[{"href":"https:\/\/www.apide.de\/de\/wp-json\/wp\/v2\/pages"}],"about":[{"href":"https:\/\/www.apide.de\/de\/wp-json\/wp\/v2\/types\/page"}],"author":[{"embeddable":true,"href":"https:\/\/www.apide.de\/de\/wp-json\/wp\/v2\/users\/1"}],"replies":[{"embeddable":true,"href":"https:\/\/www.apide.de\/de\/wp-json\/wp\/v2\/comments?post=1529"}],"version-history":[{"count":10,"href":"https:\/\/www.apide.de\/de\/wp-json\/wp\/v2\/pages\/1529\/revisions"}],"predecessor-version":[{"id":3881,"href":"https:\/\/www.apide.de\/de\/wp-json\/wp\/v2\/pages\/1529\/revisions\/3881"}],"up":[{"embeddable":true,"href":"https:\/\/www.apide.de\/de\/wp-json\/wp\/v2\/pages\/1525"}],"wp:attachment":[{"href":"https:\/\/www.apide.de\/de\/wp-json\/wp\/v2\/media?parent=1529"}],"curies":[{"name":"wp","href":"https:\/\/api.w.org\/{rel}","templated":true}]}}