{"id":1525,"date":"2020-10-20T14:52:45","date_gmt":"2020-10-20T12:52:45","guid":{"rendered":"https:\/\/www.apide.de\/?page_id=1525"},"modified":"2025-03-18T13:53:54","modified_gmt":"2025-03-18T12:53:54","slug":"ueber-api","status":"publish","type":"page","link":"https:\/\/www.apide.de\/de\/ueber-api\/","title":{"rendered":"\u00dcber api"},"content":{"rendered":"<p>[cl_row columns_gap=&#8220;19&#8243; css_style=&#8220;padding-top:200px|padding-bottom:200px&#8220; background_image=&#8220;id:5067|url:https%253A%252F%252Fwww.apide.de%252Fwp-content%252Fuploads%252Fapide_content_company_DJI_0568.jpg&#8220; background_position=&#8220;center center&#8220;][cl_column][cl_empty space=&#8220;300px&#8220;][\/cl_column][\/cl_row][cl_row][cl_column][cl_custom_heading tag=&#8220;h1&#8243; typography=&#8220;h1&#8243; custom_responsive_768_bool=&#8220;1&#8243;]<\/p>\n<p>\u00dcber api<\/p>\n<p>\t[\/cl_custom_heading][cl_custom_heading typography=&#8220;h3&#8243; custom_responsive_768_bool=&#8220;1&#8243; css_style=&#8220;margin-top:0px&#8220;]Agil, pr\u00e4zise und innovativ[\/cl_custom_heading][cl_text]<\/p>\n<p>Mobil zu sein ist wichtig f\u00fcr ein selbst\u00e4ndiges und erf\u00fclltes Leben. Wir sind api Deutschland und helfen Menschen mit Handicap, ihre Selbstbestimmung und Unabh\u00e4ngigkeit zu verwirklichen und zu bewahren.<\/p>\n<p>Uns motiviert die stetige Frage: Wie kann man Gutes noch besser machen? Diese Frage beantworten wir mit \u00fcber 25 Jahren Erfahrung und mit innovativen Ideen f\u00fcr den behindertengerechten Umbau von Autos. Das ist es, was wir unter unserem Slogan \u201e<b>Conversions without limits<\/b>\u201d verstehen und leben.<\/p>\n<\/p>\n<p>[\/cl_text][cl_media image=&#8220;id:2254|url:http%253A%252F%252Fapi.stilbrand.com%252Fwp-content%252Fuploads%252F2020%252F11%252Fdabeisein.jpg&#8220; animation=&#8220;zoom-in&#8220;][cl_custom_heading custom_responsive_768_bool=&#8220;1&#8243;]<\/p>\n<p>api erf\u00fcllt Bed\u00fcrfnisse im behinderten-gerechten Fahrzeugumbau<\/p>\n<p>\t[\/cl_custom_heading][cl_text]<\/p>\n<p>Durch den permanenten Austausch mit behinderten Menschen kennen wir deren W\u00fcnsche und t\u00e4gliche Herausforderungen ganz genau. Dieses Wissen nutzen wir in stetiger Abstimmung mit f\u00fchrenden Fahrzeugherstellern beim Entwickeln und Verbessern unserer L\u00f6sungen FlexiRamp und Robot. Beide Qualit\u00e4tsprodukte bef\u00f6rdern Menschen sicher, verl\u00e4sslich und bequem an Ihr Ziel &#8211; und das in L\u00e4ndern auf vier Kontinenten. <\/p>\n<p>[\/cl_text][cl_media image=&#8220;id:2246|url:http%253A%252F%252Fapi.stilbrand.com%252Fwp-content%252Fuploads%252F2020%252F11%252Fconstruction.jpg&#8220; animation=&#8220;zoom-in&#8220;][cl_custom_heading custom_responsive_768_bool=&#8220;1&#8243;]Ihr verl\u00e4sslicher Mobility-Partner[\/cl_custom_heading][cl_text]<\/p>\n<p>Wie sind Teil der international t\u00e4tigen api Group. Unsere Muttergesellschaft  api CZ mit der Entwicklungs- und Produktionsabteilung befindet sich in Tschechien. Neben api DE geh\u00f6ren noch Unternehmen in Gro\u00dfbritannien und den Vereinigten Arabischen Emiraten zum Firmenverbund. <\/p>\n<p>Als Handels- und Serviceunternehmen versorgen wir ein europaweites Netzwerk an Vertragswerkst\u00e4tten mit der Rollstuhlrampe FlexiRamp und der Rollstuhlverladehilfe Robot. Beide L\u00f6sungen sind kompatibel zu vielen Modellen der Fahrzeughersteller Volkswagen, Skoda, Fiat, Ford, Toyota und der franz\u00f6sischen PSA-Gruppe (u.a. Citroen, Peugeot, Opel). <\/p>\n<p>Dar\u00fcber hinaus vertreiben wir auch Produkte von Partnern. Bei der Auswahl unserer Partner legen wir die gleichen Qualit\u00e4tsanspr\u00fcche an, wie an unsere eigenen Produkte. <\/p>\n<p>[\/cl_text][cl_testimonial style=&#8220;simple_photo_circle&#8220; carousel_nav=&#8220;1&#8243; carousel_dots=&#8220;1&#8243;][\/cl_column][\/cl_row]<\/p>\n","protected":false},"excerpt":{"rendered":"<p>[cl_row columns_gap=&#8220;19&#8243; css_style=&#8220;padding-top:200px|padding-bottom:200px&#8220; background_image=&#8220;id:5067|url:https%253A%252F%252Fwww.apide.de%252Fwp-content%252Fuploads%252Fapide_content_company_DJI_0568.jpg&#8220; background_position=&#8220;center center&#8220;][cl_column][cl_empty space=&#8220;300px&#8220;][\/cl_column][\/cl_row][cl_row][cl_column][cl_custom_heading tag=&#8220;h1&#8243; typography=&#8220;h1&#8243; custom_responsive_768_bool=&#8220;1&#8243;] \u00dcber api [\/cl_custom_heading][cl_custom_heading typography=&#8220;h3&#8243; custom_responsive_768_bool=&#8220;1&#8243; css_style=&#8220;margin-top:0px&#8220;]Agil, pr\u00e4zise und innovativ[\/cl_custom_heading][cl_text] Mobil zu sein ist wichtig f\u00fcr ein selbst\u00e4ndiges und erf\u00fclltes Leben. Wir sind api Deutschland und helfen Menschen mit Handicap, ihre Selbstbestimmung und Unabh\u00e4ngigkeit zu verwirklichen [&hellip;]<\/p>\n","protected":false},"author":1,"featured_media":0,"parent":0,"menu_order":5,"comment_status":"closed","ping_status":"closed","template":"","meta":[],"_links":{"self":[{"href":"https:\/\/www.apide.de\/de\/wp-json\/wp\/v2\/pages\/1525"}],"collection":[{"href":"https:\/\/www.apide.de\/de\/wp-json\/wp\/v2\/pages"}],"about":[{"href":"https:\/\/www.apide.de\/de\/wp-json\/wp\/v2\/types\/page"}],"author":[{"embeddable":true,"href":"https:\/\/www.apide.de\/de\/wp-json\/wp\/v2\/users\/1"}],"replies":[{"embeddable":true,"href":"https:\/\/www.apide.de\/de\/wp-json\/wp\/v2\/comments?post=1525"}],"version-history":[{"count":14,"href":"https:\/\/www.apide.de\/de\/wp-json\/wp\/v2\/pages\/1525\/revisions"}],"predecessor-version":[{"id":5072,"href":"https:\/\/www.apide.de\/de\/wp-json\/wp\/v2\/pages\/1525\/revisions\/5072"}],"wp:attachment":[{"href":"https:\/\/www.apide.de\/de\/wp-json\/wp\/v2\/media?parent=1525"}],"curies":[{"name":"wp","href":"https:\/\/api.w.org\/{rel}","templated":true}]}}