{"id":1519,"date":"2020-10-20T14:49:15","date_gmt":"2020-10-20T12:49:15","guid":{"rendered":"https:\/\/www.apide.de\/?page_id=1519"},"modified":"2021-03-23T15:23:09","modified_gmt":"2021-03-23T14:23:09","slug":"partner","status":"publish","type":"page","link":"https:\/\/www.apide.de\/de\/partner\/","title":{"rendered":"Unsere Partner"},"content":{"rendered":"<p>[cl_row css_style=&#8220;padding-bottom:0|padding-top:40px&#8220;][cl_column][cl_custom_heading tag=&#8220;h1&#8243; typography=&#8220;h1&#8243; custom_responsive_768_bool=&#8220;1&#8243;]<\/p>\n<p style=\"text-align: left\">API-Partnernetzwerk<\/p>\n<p>\t[\/cl_custom_heading][cl_custom_heading typography=&#8220;h3&#8243; css_style=&#8220;margin-top:0px&#8220; custom_responsive_768_bool=&#8220;1&#8243;]<\/p>\n<p style=\"text-align: left\">Wir arbeiten mit kompetenten Partnern zusammen<\/p>\n<p>\t[\/cl_custom_heading][\/cl_column][\/cl_row][cl_row extra_class=&#8220;service-teaser-row&#8220; css_style=&#8220;padding-top:|padding-bottom:&#8220;][cl_column][cl_row_inner][cl_column_inner width=&#8220;1\/3&#8243;][cl_media image=&#8220;id:2090|url:http%253A%252F%252Fapi.stilbrand.com%252Fwp-content%252Fuploads%252F2020%252F11%252Fautolift.png&#8220; shadow=&#8220;0&#8243;][cl_text css_style=&#8220;margin-top:|padding-top:25px|padding-right:15px|padding-bottom:25px|padding-left:15px&#8220;]<\/p>\n<p style=\"text-align: center\">Die Autolift S.r.l. ist ein italienischer Hersteller von Produkten f\u00fcr die Bef\u00f6rderung von Menschen mit Behinderung in PKWs, Rettungswagen und Bussen.<\/p>\n<p>[\/cl_text][cl_button btn_title=&#8220;Zu Autolift&#8220; link=&#8220;\/de\/partner\/autolift\/&#8220; css_style=&#8220;margin-top:px|margin-bottom:25px&#8220;][\/cl_column_inner][cl_column_inner width=&#8220;1\/3&#8243;][cl_media image=&#8220;id:2086|url:http%253A%252F%252Fapi.stilbrand.com%252Fwp-content%252Fuploads%252F2020%252F11%252Fbraunability-logo.svg&#8220; shadow=&#8220;0&#8243; css_style=&#8220;margin-top:|padding-top:65px|padding-right:10px|padding-bottom:33px|padding-left:10px&#8220;][cl_text css_style=&#8220;margin-top:|padding-top:25px|padding-right:15px|padding-bottom:25px|padding-left:15px&#8220;]<\/p>\n<p style=\"text-align: center\">Mit der schwedischen Firma Autoadapt schauen wir auf eine lange gemeinsame Partnerschaft zur\u00fcck. Seit 2018 geh\u00f6ren die Schweden zur europ\u00e4ischen Division der BraunAbility-Gruppe.<\/p>\n<p>[\/cl_text][cl_button btn_title=&#8220;Zu Braunability&#8220; link=&#8220;\/de\/partner\/braun-ability\/&#8220; css_style=&#8220;margin-top:px|margin-bottom:25px&#8220;][\/cl_column_inner][cl_column_inner width=&#8220;1\/3&#8243;][cl_media image=&#8220;id:2082|url:http%253A%252F%252Fapi.stilbrand.com%252Fwp-content%252Fuploads%252F2020%252F11%252Fgm-mobility.svg&#8220; shadow=&#8220;0&#8243; css_style=&#8220;margin-top:|padding-top:45px|padding-left:10px|padding-right:10px|padding-bottom:35px&#8220;][cl_text css_style=&#8220;margin-top:|padding-top:25px|padding-right:15px|padding-bottom:25px|padding-left:15px&#8220;]<\/p>\n<p style=\"text-align: center\">Das britische Unternehmen konzentrierte sich zun\u00e4chst auf den Umbau von Kleinbussen und das Portfolio wurde im Laufe der Jahre auf viele weitere Fahrzeugtypen erweitert.<\/p>\n<p>[\/cl_text][cl_button btn_title=&#8220;Zu GM Coachwork&#8220; link=&#8220;\/de\/partner\/gm-coachwork\/&#8220; css_style=&#8220;margin-top:px|margin-bottom:25px&#8220;][\/cl_column_inner][\/cl_row_inner][\/cl_column][\/cl_row][cl_row columns_gap=&#8220;19&#8243; css_style=&#8220;padding-top:0px|padding-bottom:0px&#8220; background_image=&#8220;id:2065|url:http%253A%252F%252Fapi.stilbrand.com%252Fwp-content%252Fuploads%252F2020%252F11%252Fveigel-rehamotive.jpg&#8220; background_position=&#8220;center center&#8220;][cl_column][cl_empty space=&#8220;300px&#8220;][\/cl_column][\/cl_row][cl_row css_style=&#8220;padding-bottom:0&#8243;][cl_column][cl_custom_heading custom_responsive_768_bool=&#8220;1&#8243;]<\/p>\n<div style=\"text-align: center\"><span style=\"letter-spacing: 0px\">Weitere Partner<\/span><\/div>\n<p>[\/cl_custom_heading][cl_text]<\/p>\n<p style=\"text-align: center\">Gern versorgen wir Sie auch mit Produkten von diesen Partnern: <\/p>\n<p>[\/cl_text][\/cl_column][\/cl_row][cl_row][cl_column][cl_row_inner][cl_column_inner width=&#8220;1\/2&#8243;][cl_custom_heading tag=&#8220;h3&#8243; typography=&#8220;h4&#8243; custom_responsive_768_bool=&#8220;1&#8243;]Brig-Ayd Controls[\/cl_custom_heading][cl_media image=&#8220;id:2078|url:http%253A%252F%252Fapi.stilbrand.com%252Fwp-content%252Fuploads%252F2020%252F11%252Fbrigayd.png&#8220; custom_width_bool=&#8220;1&#8243; custom_width=&#8220;150px&#8220; shadow=&#8220;0&#8243;][\/cl_column_inner][cl_column_inner width=&#8220;1\/2&#8243;][cl_text css_style=&#8220;padding-top:15px|margin-bottom:&#8220;]<\/p>\n<p>Das Unternehmen aus dem englischen Hertfordshire, n\u00f6rdlich von London, hat sich 1975 auf Behindertengerechte Anpassungen von Fahrzeugen spezialisiert. Die Angebotspalette besteht aus Hebeb\u00fchnen f\u00fcr Rollst\u00fchle und Scooter, Handbedienungen, Beschleuniger f\u00fcr Linksf\u00fc\u00dfer und Lenkkn\u00f6pfe. Hier finden Sie die Produkte von Brig-Ayd Controls, die Sie von api als zertifiziertem Vertragsh\u00e4ndler erwerben k\u00f6nnen: <\/p>\n<p>[\/cl_text][\/cl_column_inner][\/cl_row_inner][cl_button btn_title=&#8220;Zur Website von Brig-Ayd Controls&#8220; link=&#8220;https:\/\/www.brig-aydcontrols.co.uk\/products\/&#8220; target=&#8220;_blank&#8220;][cl_divider][\/cl_column][\/cl_row][cl_row][cl_column][cl_row_inner][cl_column_inner width=&#8220;1\/2&#8243;][cl_custom_heading tag=&#8220;h3&#8243; typography=&#8220;h4&#8243; custom_responsive_768_bool=&#8220;1&#8243;]Q\u2019Straint [\/cl_custom_heading][cl_media][\/cl_column_inner][cl_column_inner width=&#8220;1\/2&#8243;][cl_text css_style=&#8220;padding-top:15px|margin-bottom:&#8220;]<\/p>\n<p>Am Anfang dieses Unternehmens stand 1984 ein an der Queen\u2019s University im kanadischen Cambridge entwickeltes Vier-Punkt-Befestigungssystem. Im Laufe der Jahre wurde daraus eine ganze Reihe von R\u00fcckhalte- und Docksystemen sowie Bodenverankerungen entwickelt, die wir Ihnen als Vertragsh\u00e4ndler anbieten.   Hier finden Sie die Produkte von Q\u2019Straint, die Sie von api als zertifiziertem Vertragsh\u00e4ndler erwerben k\u00f6nnen: <\/p>\n<p>[\/cl_text][\/cl_column_inner][\/cl_row_inner][cl_button btn_title=&#8220;Zur Website von Q\u2019Straint&#8220; link=&#8220;https:\/\/www.qstraint.com\/de\/product-finder\/&#8220; target=&#8220;_blank&#8220;][cl_divider][\/cl_column][\/cl_row][cl_row][cl_column][cl_row_inner][cl_column_inner width=&#8220;1\/2&#8243;][cl_custom_heading tag=&#8220;h3&#8243; typography=&#8220;h4&#8243; custom_responsive_768_bool=&#8220;1&#8243;]Schnierle GmbH[\/cl_custom_heading][cl_media position=&#8220;left&#8220; image=&#8220;id:2074|url:http%253A%252F%252Fapi.stilbrand.com%252Fwp-content%252Fuploads%252F2020%252F11%252Flogo_schnierle.png&#8220; custom_width_bool=&#8220;1&#8243; custom_width=&#8220;300px&#8220; shadow=&#8220;0&#8243; image_size=&#8220;theme_default&#8220;][\/cl_column_inner][cl_column_inner width=&#8220;1\/2&#8243;][cl_text css_style=&#8220;padding-top:15px|margin-bottom:&#8220;]<\/p>\n<p>Die Hermann Schnierle GmbH mit Hauptsitz im schw\u00e4bischen Gersthofen schaut auf eine \u00fcber 50-j\u00e4hrige Geschichte zur\u00fcck. Heute arbeiten f\u00fcr den Mittelst\u00e4ndler rund 200 Mitarbeiter an f\u00fcnf Standorten. Das Produktportfolio umfasst unter anderem spezielle Sitzsysteme f\u00fcr Behinderte, Rollstuhl-R\u00fcckhaltsysteme und das flexible RolliBox-System f\u00fcr den Transport von Passagieren mit und ohne Rollstuhl. Hier finden Sie die Produkte der Schnierle GmbH, die Sie von api als zertifiziertem Vertragsh\u00e4ndler erwerben k\u00f6nnen: <\/p>\n<p>[\/cl_text][\/cl_column_inner][\/cl_row_inner][cl_button btn_title=&#8220;Zur Website der Schnierle GmbH&#8220; link=&#8220;https:\/\/www.schnierle.de\/home-seating-systems.html&#8220; target=&#8220;_blank&#8220;][cl_divider][\/cl_column][\/cl_row][cl_row][cl_column][cl_row_inner][cl_column_inner width=&#8220;1\/2&#8243;][cl_custom_heading tag=&#8220;h3&#8243; typography=&#8220;h4&#8243; custom_responsive_768_bool=&#8220;1&#8243;]Veigel Automotive[\/cl_custom_heading][cl_media position=&#8220;left&#8220; image=&#8220;id:2070|url:http%253A%252F%252Fapi.stilbrand.com%252Fwp-content%252Fuploads%252F2020%252F11%252Flogo-blue.png&#8220; image_size=&#8220;theme_default&#8220; custom_width_bool=&#8220;1&#8243; custom_width=&#8220;300px&#8220; height=&#8220;610&#8243; shadow=&#8220;0&#8243;][\/cl_column_inner][cl_column_inner width=&#8220;1\/2&#8243;][cl_text css_style=&#8220;padding-top:35px|margin-bottom:&#8220;]<\/p>\n<p>Das baden-w\u00fcrttembergische Unternehmen wurde vor genau 100 Jahren gegr\u00fcndet. Im Rehamotive-Bereich mit Fahrhilfen f\u00fcr Menschen mit eingeschr\u00e4nkter Mobilit\u00e4t ist Veigel seit dem Jahr 2000 aktiv. Zu den angebotenen Produkten z\u00e4hlen beispielsweise Handbedienungen, Lenkhilfen, Pedale oder Umsetzhilfen. Hier finden Sie die Produkte von Veigel Automotive, die Sie von api als zertifiziertem Vertragsh\u00e4ndler  erwerben k\u00f6nnen: <\/p>\n<p>[\/cl_text][\/cl_column_inner][\/cl_row_inner][cl_button btn_title=&#8220;Zur Website von Veigel Automotive&#8220; link=&#8220;https:\/\/www.veigel-automotive.de\/rehamotive\/&#8220; target=&#8220;_blank&#8220;][cl_divider][\/cl_column][\/cl_row][cl_row overlay_color=&#8220;#57585a&#8220; overlay_opacity=&#8220;0.65&#8243; background_position=&#8220;center center&#8220;][cl_column background_image=&#8220;id:1286|url:http%253A%252F%252Fapi.stilbrand.com%252Fwp-content%252Fuploads%252F2020%252F10%252Fmatt-duncan-IUY_3DvM__w-unsplash-scaled.jpg&#8220; css_style=&#8220;padding-top:30px|padding-left:30px|padding-right:20px&#8220; background_position=&#8220;center center&#8220; overlay=&#8220;color&#8220; overlay_color=&#8220;#57585a&#8220; overlay_opacity=&#8220;0.6&#8243;][cl_row_inner][cl_column_inner width=&#8220;1\/2&#8243;][cl_text custom_typography=&#8220;1&#8243; text_font_size=&#8220;40&#8243; text_font_weight=&#8220;700&#8243; text_line_height=&#8220;48&#8243; text_color=&#8220;#ffffff&#8220; custom_responsive_768_bool=&#8220;1&#8243;]<\/p>\n<p>Sie ben\u00f6tigen Unterst\u00fctzung bei der Auswahl der passenden Partnerprodukte? Wir helfen gerne!<\/p>\n<p>[\/cl_text][\/cl_column_inner][cl_column_inner width=&#8220;1\/2&#8243;][cl_contact_form7 id=&#8220;17&#8243;][\/cl_column_inner][\/cl_row_inner][\/cl_column][\/cl_row]<\/p>\n","protected":false},"excerpt":{"rendered":"<p>[cl_row css_style=&#8220;padding-bottom:0|padding-top:40px&#8220;][cl_column][cl_custom_heading tag=&#8220;h1&#8243; typography=&#8220;h1&#8243; custom_responsive_768_bool=&#8220;1&#8243;] API-Partnernetzwerk [\/cl_custom_heading][cl_custom_heading typography=&#8220;h3&#8243; css_style=&#8220;margin-top:0px&#8220; custom_responsive_768_bool=&#8220;1&#8243;] Wir arbeiten mit kompetenten Partnern zusammen [\/cl_custom_heading][\/cl_column][\/cl_row][cl_row extra_class=&#8220;service-teaser-row&#8220; css_style=&#8220;padding-top:|padding-bottom:&#8220;][cl_column][cl_row_inner][cl_column_inner width=&#8220;1\/3&#8243;][cl_media image=&#8220;id:2090|url:http%253A%252F%252Fapi.stilbrand.com%252Fwp-content%252Fuploads%252F2020%252F11%252Fautolift.png&#8220; shadow=&#8220;0&#8243;][cl_text css_style=&#8220;margin-top:|padding-top:25px|padding-right:15px|padding-bottom:25px|padding-left:15px&#8220;] Die Autolift S.r.l. ist ein italienischer Hersteller von Produkten f\u00fcr die Bef\u00f6rderung von Menschen mit Behinderung in PKWs, Rettungswagen und Bussen. [\/cl_text][cl_button [&hellip;]<\/p>\n","protected":false},"author":1,"featured_media":0,"parent":0,"menu_order":3,"comment_status":"closed","ping_status":"closed","template":"","meta":[],"_links":{"self":[{"href":"https:\/\/www.apide.de\/de\/wp-json\/wp\/v2\/pages\/1519"}],"collection":[{"href":"https:\/\/www.apide.de\/de\/wp-json\/wp\/v2\/pages"}],"about":[{"href":"https:\/\/www.apide.de\/de\/wp-json\/wp\/v2\/types\/page"}],"author":[{"embeddable":true,"href":"https:\/\/www.apide.de\/de\/wp-json\/wp\/v2\/users\/1"}],"replies":[{"embeddable":true,"href":"https:\/\/www.apide.de\/de\/wp-json\/wp\/v2\/comments?post=1519"}],"version-history":[{"count":36,"href":"https:\/\/www.apide.de\/de\/wp-json\/wp\/v2\/pages\/1519\/revisions"}],"predecessor-version":[{"id":4718,"href":"https:\/\/www.apide.de\/de\/wp-json\/wp\/v2\/pages\/1519\/revisions\/4718"}],"wp:attachment":[{"href":"https:\/\/www.apide.de\/de\/wp-json\/wp\/v2\/media?parent=1519"}],"curies":[{"name":"wp","href":"https:\/\/api.w.org\/{rel}","templated":true}]}}