{"id":1517,"date":"2020-10-20T14:48:38","date_gmt":"2020-10-20T12:48:38","guid":{"rendered":"https:\/\/www.apide.de\/?page_id=1517"},"modified":"2021-02-10T11:16:09","modified_gmt":"2021-02-10T10:16:09","slug":"gm-coachwork","status":"publish","type":"page","link":"https:\/\/www.apide.de\/de\/partner\/gm-coachwork\/","title":{"rendered":"GM Coachwork"},"content":{"rendered":"<p>[cl_row extra_class=&#8220;service-teaser-row&#8220; css_style=&#8220;padding-top:40px|padding-bottom:0px&#8220;][cl_column][cl_custom_heading tag=&#8220;h1&#8243; typography=&#8220;h1&#8243; custom_responsive_768_bool=&#8220;1&#8243;]<\/p>\n<p style=\"text-align: left\">GM Coachwork<\/p>\n<p>\t[\/cl_custom_heading][cl_custom_heading typography=&#8220;h3&#8243; css_style=&#8220;margin-top:px&#8220; custom_responsive_768_bool=&#8220;1&#8243;]<\/p>\n<p style=\"text-align: left\">Qualit\u00e4t aus Gro\u00dfbritannien<\/p>\n<p>\t[\/cl_custom_heading][cl_text css_style=&#8220;margin-top:15px&#8220;]<\/p>\n<p>GM Coachwork kam bereits seit 1988 und das britische Unternehmen konzentrierte sich zun\u00e4chst auf den Umbau von Kleinbussen. Ab 1993 kamen die ersten Vans hinzu, begonnen mit dem Fiat Fiorino. 20 Jahre nach der Firmengr\u00fcndung wurde der erste Niederflur-Umbau designt und in einem VW Caravelle realisiert. Diese Niederflur-Umbauten wurden im Laufe der Jahre auf viele weitere Fahrzeugtypen erweitert. Heute z\u00e4hlt GM Coachwork zu einem der f\u00fchrenden Fahrzeug-Umr\u00fcster in Gro\u00dfbritannien. <\/p>\n<p>\nProfitieren Sie von unserer Erfahrung und dem breiten Know-how, das wir uns als zertifizierte Vertragsh\u00e4ndler mit den Produkten von GM Coachwork angeeignet haben. Gern beraten wir Sie.\n<\/p>\n<p>\nBesonders gute Erfahrungen haben wir mit den von GM umgebauten Fahrzeugen VW Caravelle SE Colorado und dem Ford Custom Colorado gemacht. Daher stellen wir diesen beiden Produkte etwas n\u00e4her vor.  <\/p>\n<p>[\/cl_text][cl_row_inner][cl_column_inner width=&#8220;1\/2&#8243;][cl_media image=&#8220;id:3262|url:http%253A%252F%252Fapi.stilbrand.com%252Fwp-content%252Fuploads%252Fgm_vw.jpg&#8220; lazyload=&#8220;1&#8243;][cl_service 0=&#8220;0=&#8220;0=&#8220;0=&#8220;0=&#8220;0=&#8220;0=&#8220;0=&#8220;0=&#8220;0=&#8220;0=&#8220;0=&#8220;0=&#8220;0=&#8220;0=&#8220;0=&#8220;1=&#8220;style=&#8220;letter-spacing:&#8220;&#8220;&#8220;&#8220;&#8220;&#8220;&#8220;&#8220;&#8220;&#8220;&#8220;&#8220;&#8220;&#8220;&#8220;&#8220;&#8220; 1=&#8220;1=&#8220;1=&#8220;1=&#8220;1=&#8220;1=&#8220;1=&#8220;1=&#8220;1=&#8220;1=&#8220;1=&#8220;1=&#8220;1=&#8220;1=&#8220;1=&#8220;1=&#8220;2=&#8220;0px&#8220;&gt;<u>api&#8220;&#8220;&#8220;&#8220;&#8220;&#8220;&#8220;&#8220;&#8220;&#8220;&#8220;&#8220;&#8220;&#8220;&#8220;&#8220;&#8220; 2=&#8220;2=&#8220;2=&#8220;2=&#8220;2=&#8220;2=&#8220;2=&#8220;2=&#8220;2=&#8220;2=&#8220;2=&#8220;2=&#8220;2=&#8220;2=&#8220;2=&#8220;2=&#8220;3=&#8220;Robot<\/u>&#8222;&#8220;&#8220;&#8220;&#8220;&#8220;&#8220;&#8220;&#8220; 3=&#8220;3=&#8220;3=&#8220;3=&#8220;3=&#8220;3=&#8220;3=&#8220;3=&#8220;3=&#8220;&#8220;&#8220;&#8220;&#8220;&#8220;&#8220;&#8220;&#8220;&#8220;&#8220;&#8220;&#8220;&#8220;&#8220;&#8220;&#8220;&#8220;&#8220; 4=&#8220;&#8220; 5=&#8220;5=&#8220;5=&#8220;5=&#8220;5=&#8220;style=&#8220;text-align:&#8220;&#8220;&#8220;&#8220;&#8220; 6=&#8220;6=&#8220;6=&#8220;6=&#8220;6=&#8220;left&#8220;&gt;<u>VW&#8220;&#8220;&#8220;&#8220;&#8220; 7=&#8220;Caravelle&#8220; 8=&#8220;SE&#8220; 9=&#8220;9=&#8220;9=&#8220;9=&#8220;9=&#8220;Colorado<\/u><\/div>\n<p>&#8222;&#8220;&#8220;&#8220;&#8220;&#8220; 10=&#8220;&#8220; 11=&#8220;11=&#8220;11=&#8220;11=&#8220;style=&#8220;text-align:&#8220;&#8220;&#8220;&#8220; 12=&#8220;12=&#8220;12=&#8220;12=&#8220;left&#8220;&gt;<u>VW&#8220;&#8220;&#8220;&#8220; 13=&#8220;CARAVELLE&#8220; 14=&#8220;SE&#8220; 15=&#8220;15=&#8220;15=&#8220;15=&#8220;COLORADO<\/u><\/div>\n<p>&#8222;&#8220;&#8220;&#8220;&#8220; image=&#8220;id:255|url:http%253A%252F%252Fapi.stilbrand.com%252Fwp-content%252Fuploads%252F2020%252F10%252Fflexiramp-moodbild.jpg&#8220; layout_type=&#8220;media_top&#8220; icon=&#8220;cl-icon-key2&#8243; icon_font_size=&#8220;51&#8243; wrapper_size=&#8220;75&#8243; service_link=&#8220;https:\/\/www.gmmobility.co.uk\/private-purchase\/vw-caravelle-se-colorado-wheelchair-access-vehicle&#8220; title_content_distance=&#8220;10&#8243; title_typography=&#8220;h6&#8243; css_style=&#8220;margin-top:|padding-top:25px|padding-bottom:25px|padding-right:25px|padding-left:25px&#8220; subtitle=&#8220;&#8220; title=&#8220;<u>VW CARAVELLE SE COLORADO<\/u>&#8222;]Der Colorado besticht vor allem durch seine gro\u00dfz\u00fcgige Kopffreiheit sowohl beim Einstieg als auch w\u00e4hrend der Fahrt. Das Fahrzeug ist geeignet f\u00fcr Selbstfahrer im Rollstuhl und f\u00fcr Beifahrer im Rollstuhl. Durch die flexiblen Umbaum\u00f6glichkeiten im Innenraum ist ein Fahrerwechsel jederzeit problemlos m\u00f6glich. Selbst zwei Rollstuhlfahrer k\u00f6nnen mitfahren.<br \/>\n[\/cl_service][\/cl_column_inner][cl_column_inner width=&#8220;1\/2&#8243;][cl_media image=&#8220;id:3258|url:http%253A%252F%252Fapi.stilbrand.com%252Fwp-content%252Fuploads%252Fgm_ford.jpg&#8220;][cl_service 0=&#8220;0=&#8220;0=&#8220;0=&#8220;0=&#8220;0=&#8220;0=&#8220;0=&#8220;0=&#8220;0=&#8220;0=&#8220;0=&#8220;0=&#8220;0=&#8220;0=&#8220;0=&#8220;1=&#8220;style=&#8220;letter-spacing:&#8220;&#8220;&#8220;&#8220;&#8220;&#8220;&#8220;&#8220;&#8220;&#8220;&#8220;&#8220;&#8220;&#8220;&#8220;&#8220;&#8220; 1=&#8220;1=&#8220;1=&#8220;1=&#8220;1=&#8220;1=&#8220;1=&#8220;1=&#8220;1=&#8220;1=&#8220;1=&#8220;1=&#8220;1=&#8220;1=&#8220;1=&#8220;1=&#8220;2=&#8220;0px&#8220;&gt;<u>api&#8220;&#8220;&#8220;&#8220;&#8220;&#8220;&#8220;&#8220;&#8220;&#8220;&#8220;&#8220;&#8220;&#8220;&#8220;&#8220;&#8220; 2=&#8220;2=&#8220;2=&#8220;2=&#8220;2=&#8220;2=&#8220;2=&#8220;2=&#8220;2=&#8220;2=&#8220;2=&#8220;2=&#8220;2=&#8220;2=&#8220;2=&#8220;2=&#8220;3=&#8220;FlexiRamp<\/u>&#8222;&#8220;&#8220;&#8220;&#8220;&#8220;&#8220;&#8220;&#8220; 3=&#8220;&#8220; 4=&#8220;4=&#8220;4=&#8220;4=&#8220;4=&#8220;4=&#8220;4=&#8220;4=&#8220;4=&#8220;4=&#8220;4=&#8220;4=&#8220;4=&#8220;4=&#8220;4=&#8220;style=&#8220;text-align:&#8220;&#8220;&#8220;&#8220;&#8220;&#8220;&#8220;&#8220;&#8220;&#8220;&#8220;&#8220;&#8220;&#8220;&#8220; 5=&#8220;&#8220; 6=&#8220;6=&#8220;6=&#8220;6=&#8220;6=&#8220;6=&#8220;6=&#8220;6=&#8220;6=&#8220;6=&#8220;6=&#8220;6=&#8220;6=&#8220;6=&#8220;6=&#8220;style=&#8220;letter-spacing:&#8220;&#8220;&#8220;&#8220;&#8220;&#8220;&#8220;&#8220;&#8220;&#8220;&#8220;&#8220;&#8220;&#8220;&#8220; 7=&#8220;7=&#8220;7=&#8220;7=&#8220;7=&#8220;7=&#8220;7=&#8220;7=&#8220;7=&#8220;7=&#8220;7=&#8220;7=&#8220;7=&#8220;7=&#8220;7=&#8220;0px&#8220;&gt;Custom&#8220;&#8220;&#8220;&#8220;&#8220;&#8220;&#8220;&#8220;&#8220;&#8220;&#8220;&#8220;&#8220;&#8220;&#8220; 8=&#8220;Service&#8220; 9=&#8220;9=&#8220;9=&#8220;9=&#8220;9=&#8220;9=&#8220;9=&#8220;9=&#8220;9=&#8220;9=&#8220;9=&#8220;9=&#8220;9=&#8220;9=&#8220;9=&#8220;Title&#8220;&#8220;&#8220;&#8220;&#8220;&#8220;&#8220;&#8220;&#8220; 10=&#8220;10=&#8220;10=&#8220;10=&#8220;10=&#8220;10=&#8220;10=&#8220;10=&#8220;10=&#8220;&#8220;&#8220;&#8220;&#8220;&#8220;&#8220;&#8220;&#8220;&#8220;&#8220;&#8220;&#8220;&#8220;&#8220;&#8220;&#8220; 11=&#8220;&#8220; 12=&#8220;12=&#8220;12=&#8220;12=&#8220;style=&#8220;text-align:&#8220;&#8220;&#8220;&#8220; 13=&#8220;13=&#8220;13=&#8220;13=&#8220;left&#8220;&gt;<u>Ford&#8220;&#8220;&#8220;&#8220; 14=&#8220;Custom&#8220; 15=&#8220;15=&#8220;15=&#8220;15=&#8220;Colorado<\/u><\/div>\n<p>&#8222;&#8220;&#8220;&#8220;&#8220; layout_type=&#8220;media_top&#8220; icon_font_size=&#8220;50&#8243; wrapper_size=&#8220;75&#8243; service_link=&#8220;https:\/\/www.gmmobility.co.uk\/motability\/ford-custom-colorado&#8220; title_content_distance=&#8220;10&#8243; title_typography=&#8220;h6&#8243; css_style=&#8220;margin-top:|padding-top:25px|padding-bottom:25px|padding-right:25px|padding-left:25px&#8220; title=&#8220;<u>Ford CUSTOM COLORADO<\/u>&#8220; subtitle=&#8220;&#8220;]Der Umbau in diesem Van bietet einen \u00fcber die gesamte Breite ebenen Boden und einen Unterflur-Lift, der speziell auf die Bed\u00fcrfnisse von Rollstuhlfahrern zugeschnitten ist. Basis ist der Ford Tourneo Custom Titanium. Das Fahrzeug verf\u00fcgt \u00fcber eine umfangreiche Ausstattung, zu der beispielsweise Klimaanlage vorn und hinten, Tempomat und ein 8-Zoll-Touchscreen-System geh\u00f6ren.<br \/>\n[\/cl_service][\/cl_column_inner][\/cl_row_inner][\/cl_column][\/cl_row][cl_row extra_class=&#8220;dark-button&#8220; background_image=&#8220;id:255|url:http%253A%252F%252Fapi.stilbrand.com%252Fwp-content%252Fuploads%252F2020%252F10%252Fflexiramp-moodbild.jpg&#8220; background_position=&#8220;center center&#8220; overlay=&#8220;color&#8220; overlay_color=&#8220;#e43417&#8243; overlay_opacity=&#8220;0.75&#8243;][cl_column][cl_text custom_typography=&#8220;1&#8243; text_font_size=&#8220;30&#8243; text_font_weight=&#8220;600&#8243; text_line_height=&#8220;37&#8243; text_color=&#8220;#ffffff&#8220; css_style=&#8220;margin-top:5px&#8220; custom_responsive_768_bool=&#8220;1&#8243;]<\/p>\n<p style=\"text-align: center\">Lernen Sie alle unsere Partnerunternehmen kennen!<\/p>\n<p>[\/cl_text][cl_button btn_title=&#8220;Zu unseren Partnern&#8220; link=&#8220;\/de\/partner\/&#8220;][\/cl_column][\/cl_row]<\/p>\n","protected":false},"excerpt":{"rendered":"<p>[cl_row extra_class=&#8220;service-teaser-row&#8220; css_style=&#8220;padding-top:40px|padding-bottom:0px&#8220;][cl_column][cl_custom_heading tag=&#8220;h1&#8243; typography=&#8220;h1&#8243; custom_responsive_768_bool=&#8220;1&#8243;] GM Coachwork [\/cl_custom_heading][cl_custom_heading typography=&#8220;h3&#8243; css_style=&#8220;margin-top:px&#8220; custom_responsive_768_bool=&#8220;1&#8243;] Qualit\u00e4t aus Gro\u00dfbritannien [\/cl_custom_heading][cl_text css_style=&#8220;margin-top:15px&#8220;] GM Coachwork kam bereits seit 1988 und das britische Unternehmen konzentrierte sich zun\u00e4chst auf den Umbau von Kleinbussen. Ab 1993 kamen die ersten Vans hinzu, begonnen mit dem [&hellip;]<\/p>\n","protected":false},"author":1,"featured_media":0,"parent":1519,"menu_order":2,"comment_status":"closed","ping_status":"closed","template":"","meta":[],"_links":{"self":[{"href":"https:\/\/www.apide.de\/de\/wp-json\/wp\/v2\/pages\/1517"}],"collection":[{"href":"https:\/\/www.apide.de\/de\/wp-json\/wp\/v2\/pages"}],"about":[{"href":"https:\/\/www.apide.de\/de\/wp-json\/wp\/v2\/types\/page"}],"author":[{"embeddable":true,"href":"https:\/\/www.apide.de\/de\/wp-json\/wp\/v2\/users\/1"}],"replies":[{"embeddable":true,"href":"https:\/\/www.apide.de\/de\/wp-json\/wp\/v2\/comments?post=1517"}],"version-history":[{"count":16,"href":"https:\/\/www.apide.de\/de\/wp-json\/wp\/v2\/pages\/1517\/revisions"}],"predecessor-version":[{"id":3868,"href":"https:\/\/www.apide.de\/de\/wp-json\/wp\/v2\/pages\/1517\/revisions\/3868"}],"up":[{"embeddable":true,"href":"https:\/\/www.apide.de\/de\/wp-json\/wp\/v2\/pages\/1519"}],"wp:attachment":[{"href":"https:\/\/www.apide.de\/de\/wp-json\/wp\/v2\/media?parent=1517"}],"curies":[{"name":"wp","href":"https:\/\/api.w.org\/{rel}","templated":true}]}}