{"id":1515,"date":"2020-10-20T14:48:05","date_gmt":"2020-10-20T12:48:15","guid":{"rendered":"https:\/\/www.apide.de\/?page_id=1515"},"modified":"2021-03-23T15:09:43","modified_gmt":"2021-03-23T14:09:43","slug":"braun-ability","status":"publish","type":"page","link":"https:\/\/www.apide.de\/de\/partner\/braun-ability\/","title":{"rendered":"BraunAbility"},"content":{"rendered":"<p>[cl_row extra_class=&#8220;service-teaser-row&#8220; css_style=&#8220;padding-top:40px|padding-bottom:0px&#8220;][cl_column][cl_custom_heading tag=&#8220;h1&#8243; typography=&#8220;h1&#8243; custom_responsive_768_bool=&#8220;1&#8243;]<\/p>\n<p style=\"text-align: left\">BraunAbility<\/p>\n<p>\t[\/cl_custom_heading][cl_custom_heading typography=&#8220;h3&#8243; css_style=&#8220;margin-top:px&#8220; custom_responsive_768_bool=&#8220;1&#8243;]<\/p>\n<p style=\"text-align: left\">Schwedische Kompetenz bei api<\/p>\n<p>\t[\/cl_custom_heading][cl_text css_style=&#8220;margin-top:15px&#8220;]<\/p>\n<p>Mit der schwedischen Firma Autoadapt schauen wir auf eine lange gemeinsame Partnerschaft zur\u00fcck. Seit 2018 geh\u00f6ren die Schweden zur europ\u00e4ischen Division der bereits 1972 gegr\u00fcndeten BraunAbility-Gruppe. Diese ist mit \u00fcber 1.200 Mitarbeitern in \u00fcber 70 L\u00e4ndern aktiv. Hauptsitz ist in Indiana, USA. <\/p>\n<p>Profitieren Sie von unserer Erfahrung und dem tiefen Know-how, das wir uns als zertifizierte Vertragsh\u00e4ndler mit den Produkten von Autodapt angeeignet haben. Gern beraten wir Sie. <\/p>\n<p>Das Portfolio umfasst Systeme zum Zur\u00fcckhalten von Rollst\u00fchlen und Personen, Bodensysteme, Transfer-Rollstuhlsysteme, Schwenkhubsitze und Rollstullifte. <\/p>\n<p>Besonders gute Erfahrungen haben wir mit den Drehkonsolen Carony, Turny Evo und Evo Low Vehicle gemacht. Daher stellen wir diese drei Produkte etwas n\u00e4her vor.<\/p>\n<p>[\/cl_text][\/cl_column][\/cl_row][cl_row extra_class=&#8220;service-teaser-row&#8220; css_style=&#8220;padding-top:0px|padding-bottom:0px&#8220;][cl_column][cl_row_inner][cl_column_inner width=&#8220;1\/2&#8243;][cl_media image=&#8220;id:3266|url:http%253A%252F%252Fapi.stilbrand.com%252Fwp-content%252Fuploads%252Fbraunability_carony.jpg&#8220; lazyload=&#8220;1&#8243;][cl_service 0=&#8220;0=&#8220;0=&#8220;0=&#8220;0=&#8220;0=&#8220;0=&#8220;0=&#8220;0=&#8220;0=&#8220;0=&#8220;0=&#8220;0=&#8220;0=&#8220;0=&#8220;0=&#8220;0=&#8220;0=&#8220;0=&#8220;0=&#8220;0=&#8220;0=&#8220;1=&#8220;style=&#8220;letter-spacing:&#8220;&#8220;&#8220;&#8220;&#8220;&#8220;&#8220;&#8220;&#8220;&#8220;&#8220;&#8220;&#8220;&#8220;&#8220;&#8220;&#8220;&#8220;&#8220;&#8220;&#8220;&#8220;&#8220; 1=&#8220;1=&#8220;1=&#8220;1=&#8220;1=&#8220;1=&#8220;1=&#8220;1=&#8220;1=&#8220;1=&#8220;1=&#8220;1=&#8220;1=&#8220;1=&#8220;1=&#8220;1=&#8220;1=&#8220;1=&#8220;1=&#8220;1=&#8220;1=&#8220;1=&#8220;2=&#8220;0px&#8220;&gt;<u>api&#8220;&#8220;&#8220;&#8220;&#8220;&#8220;&#8220;&#8220;&#8220;&#8220;&#8220;&#8220;&#8220;&#8220;&#8220;&#8220;&#8220;&#8220;&#8220;&#8220;&#8220;&#8220;&#8220; 2=&#8220;2=&#8220;2=&#8220;2=&#8220;2=&#8220;2=&#8220;2=&#8220;2=&#8220;2=&#8220;2=&#8220;2=&#8220;2=&#8220;2=&#8220;2=&#8220;2=&#8220;2=&#8220;2=&#8220;2=&#8220;2=&#8220;2=&#8220;2=&#8220;2=&#8220;3=&#8220;FlexiRamp<\/u>&#8222;&#8220;&#8220;&#8220;&#8220;&#8220;&#8220;&#8220;&#8220;&#8220;&#8220;&#8220;&#8220;&#8220;&#8220; 3=&#8220;&#8220; 4=&#8220;4=&#8220;4=&#8220;4=&#8220;4=&#8220;4=&#8220;4=&#8220;4=&#8220;4=&#8220;4=&#8220;4=&#8220;4=&#8220;4=&#8220;4=&#8220;4=&#8220;4=&#8220;4=&#8220;4=&#8220;4=&#8220;4=&#8220;4=&#8220;style=&#8220;text-align:&#8220;&#8220;&#8220;&#8220;&#8220;&#8220;&#8220;&#8220;&#8220;&#8220;&#8220;&#8220;&#8220;&#8220;&#8220;&#8220;&#8220;&#8220;&#8220;&#8220;&#8220; 5=&#8220;&#8220; 6=&#8220;6=&#8220;6=&#8220;6=&#8220;6=&#8220;6=&#8220;6=&#8220;6=&#8220;6=&#8220;6=&#8220;6=&#8220;6=&#8220;6=&#8220;6=&#8220;6=&#8220;6=&#8220;6=&#8220;6=&#8220;6=&#8220;6=&#8220;6=&#8220;style=&#8220;letter-spacing:&#8220;&#8220;&#8220;&#8220;&#8220;&#8220;&#8220;&#8220;&#8220;&#8220;&#8220;&#8220;&#8220;&#8220;&#8220;&#8220;&#8220;&#8220;&#8220;&#8220;&#8220; 7=&#8220;7=&#8220;7=&#8220;7=&#8220;7=&#8220;7=&#8220;7=&#8220;7=&#8220;7=&#8220;7=&#8220;7=&#8220;7=&#8220;7=&#8220;7=&#8220;7=&#8220;7=&#8220;7=&#8220;7=&#8220;7=&#8220;7=&#8220;7=&#8220;0px&#8220;&gt;Custom&#8220;&#8220;&#8220;&#8220;&#8220;&#8220;&#8220;&#8220;&#8220;&#8220;&#8220;&#8220;&#8220;&#8220;&#8220;&#8220;&#8220;&#8220;&#8220;&#8220;&#8220; 8=&#8220;Service&#8220; 9=&#8220;9=&#8220;9=&#8220;9=&#8220;9=&#8220;9=&#8220;9=&#8220;9=&#8220;9=&#8220;9=&#8220;9=&#8220;9=&#8220;9=&#8220;9=&#8220;9=&#8220;9=&#8220;9=&#8220;9=&#8220;9=&#8220;9=&#8220;9=&#8220;Title&#8220;&#8220;&#8220;&#8220;&#8220;&#8220;&#8220;&#8220;&#8220;&#8220;&#8220;&#8220;&#8220;&#8220;&#8220; 10=&#8220;10=&#8220;10=&#8220;10=&#8220;10=&#8220;10=&#8220;10=&#8220;10=&#8220;10=&#8220;10=&#8220;10=&#8220;10=&#8220;10=&#8220;10=&#8220;10=&#8220;&#8220;&#8220;&#8220;&#8220;&#8220;&#8220;&#8220;&#8220;&#8220;&#8220;&#8220;&#8220;&#8220;&#8220;&#8220;&#8220;&#8220;&#8220;&#8220;&#8220;&#8220;&#8220; layout_type=&#8220;media_top&#8220; icon_font_size=&#8220;50&#8243; wrapper_size=&#8220;75&#8243; title=&#8220;<u>Carony<\/u>&#8220; service_link=&#8220;https:\/\/www.braunability.eu\/de\/produkte\/um-und-hinsetzen\/carony\/&#8220; title_content_distance=&#8220;10&#8243; title_typography=&#8220;h6&#8243; css_style=&#8220;margin-top:|padding-top:25px|padding-bottom:25px|padding-right:25px|padding-left:25px&#8220; image_size=&#8220;theme_default&#8220;]Wenn Sie als Begleitperson Partner oder Familienmitglieder nicht zwischen Rollstuhl und Autositz hin und her heben k\u00f6nnen ist der Carony die genau richtige L\u00f6sung.<\/p>\n<p>Er sorgt daf\u00fcr, dass Rollstuhlfahrer aus ihrem Rollstuhl ins Auto und auch wieder hinaus gelangen, ohne dass ein Begleiter heben muss. Dabei ist der Carony so bequem und sicher wie jeder Standard-Autositz.<br \/>\n[\/cl_service][\/cl_column_inner][cl_column_inner width=&#8220;1\/2&#8243;][cl_media image=&#8220;id:3270|url:http%253A%252F%252Fapi.stilbrand.com%252Fwp-content%252Fuploads%252Fbraunability_turn.jpg&#8220; lazyload=&#8220;1&#8243;][cl_service 0=&#8220;0=&#8220;0=&#8220;0=&#8220;0=&#8220;0=&#8220;0=&#8220;0=&#8220;0=&#8220;0=&#8220;0=&#8220;0=&#8220;0=&#8220;0=&#8220;0=&#8220;0=&#8220;0=&#8220;0=&#8220;0=&#8220;0=&#8220;0=&#8220;0=&#8220;1=&#8220;style=&#8220;letter-spacing:&#8220;&#8220;&#8220;&#8220;&#8220;&#8220;&#8220;&#8220;&#8220;&#8220;&#8220;&#8220;&#8220;&#8220;&#8220;&#8220;&#8220;&#8220;&#8220;&#8220;&#8220;&#8220;&#8220; 1=&#8220;1=&#8220;1=&#8220;1=&#8220;1=&#8220;1=&#8220;1=&#8220;1=&#8220;1=&#8220;1=&#8220;1=&#8220;1=&#8220;1=&#8220;1=&#8220;1=&#8220;1=&#8220;1=&#8220;1=&#8220;1=&#8220;1=&#8220;1=&#8220;1=&#8220;2=&#8220;0px&#8220;&gt;<u>api&#8220;&#8220;&#8220;&#8220;&#8220;&#8220;&#8220;&#8220;&#8220;&#8220;&#8220;&#8220;&#8220;&#8220;&#8220;&#8220;&#8220;&#8220;&#8220;&#8220;&#8220;&#8220;&#8220; 2=&#8220;2=&#8220;2=&#8220;2=&#8220;2=&#8220;2=&#8220;2=&#8220;2=&#8220;2=&#8220;2=&#8220;2=&#8220;2=&#8220;2=&#8220;2=&#8220;2=&#8220;2=&#8220;2=&#8220;2=&#8220;2=&#8220;2=&#8220;2=&#8220;2=&#8220;3=&#8220;Robot<\/u>&#8222;&#8220;&#8220;&#8220;&#8220;&#8220;&#8220;&#8220;&#8220;&#8220;&#8220;&#8220;&#8220;&#8220;&#8220; 3=&#8220;3=&#8220;3=&#8220;3=&#8220;3=&#8220;3=&#8220;3=&#8220;3=&#8220;3=&#8220;3=&#8220;3=&#8220;3=&#8220;3=&#8220;3=&#8220;3=&#8220;&#8220;&#8220;&#8220;&#8220;&#8220;&#8220;&#8220;&#8220;&#8220;&#8220;&#8220;&#8220;&#8220;&#8220;&#8220;&#8220;&#8220;&#8220;&#8220;&#8220;&#8220;&#8220;&#8220;&#8220; image=&#8220;id:255|url:http%253A%252F%252Fapi.stilbrand.com%252Fwp-content%252Fuploads%252F2020%252F10%252Fflexiramp-moodbild.jpg&#8220; layout_type=&#8220;media_top&#8220; icon=&#8220;cl-icon-key2&#8243; icon_font_size=&#8220;51&#8243; wrapper_size=&#8220;75&#8243; title=&#8220;<u>Turny Evo<\/u>&#8220; service_link=&#8220;https:\/\/www.braunability.eu\/de\/produkte\/um-und-hinsetzen\/turny-evo\/&#8220; title_content_distance=&#8220;10&#8243; title_typography=&#8220;h6&#8243; css_style=&#8220;margin-top:|padding-top:25px|padding-right:25px|padding-bottom:25px|padding-left:25px&#8220;]Dieser Schwenkhubsitz ist sehr gut geeignet f\u00fcr Menschen, die sich aus eigener Kraft zwischen ihrem Rollstuhl und einem anderen Sitz bewegen k\u00f6nnen. <\/p>\n<p>Auf Knopfdruck dreht und hebt Sie der Turny Evo automatisch in das und aus dem Fahrzeug. Er ist nicht nur f\u00fcr Rollstuhlfahrer geeignet. Auch Personen, die aus anderen Gr\u00fcnden schwer ins Auto gelangen, k\u00f6nnen den Turny Evo nutzen.<br \/>\n[\/cl_service][\/cl_column_inner][\/cl_row_inner][\/cl_column][\/cl_row][cl_row extra_class=&#8220;service-teaser-row&#8220; css_style=&#8220;padding-top:0px|padding-bottom:0px&#8220;][cl_column][cl_row_inner][cl_column_inner width=&#8220;1\/2&#8243;][cl_service 0=&#8220;0=&#8220;0=&#8220;0=&#8220;0=&#8220;0=&#8220;0=&#8220;0=&#8220;0=&#8220;0=&#8220;0=&#8220;0=&#8220;0=&#8220;0=&#8220;0=&#8220;0=&#8220;0=&#8220;0=&#8220;0=&#8220;0=&#8220;0=&#8220;0=&#8220;1=&#8220;style=&#8220;letter-spacing:&#8220;&#8220;&#8220;&#8220;&#8220;&#8220;&#8220;&#8220;&#8220;&#8220;&#8220;&#8220;&#8220;&#8220;&#8220;&#8220;&#8220;&#8220;&#8220;&#8220;&#8220;&#8220;&#8220; 1=&#8220;1=&#8220;1=&#8220;1=&#8220;1=&#8220;1=&#8220;1=&#8220;1=&#8220;1=&#8220;1=&#8220;1=&#8220;1=&#8220;1=&#8220;1=&#8220;1=&#8220;1=&#8220;1=&#8220;1=&#8220;1=&#8220;1=&#8220;1=&#8220;1=&#8220;2=&#8220;0px&#8220;&gt;<u>api&#8220;&#8220;&#8220;&#8220;&#8220;&#8220;&#8220;&#8220;&#8220;&#8220;&#8220;&#8220;&#8220;&#8220;&#8220;&#8220;&#8220;&#8220;&#8220;&#8220;&#8220;&#8220;&#8220; 2=&#8220;2=&#8220;2=&#8220;2=&#8220;2=&#8220;2=&#8220;2=&#8220;2=&#8220;2=&#8220;2=&#8220;2=&#8220;2=&#8220;2=&#8220;2=&#8220;2=&#8220;2=&#8220;2=&#8220;2=&#8220;2=&#8220;2=&#8220;2=&#8220;2=&#8220;3=&#8220;Robot<\/u>&#8222;&#8220;&#8220;&#8220;&#8220;&#8220;&#8220;&#8220;&#8220;&#8220;&#8220;&#8220;&#8220;&#8220;&#8220; 3=&#8220;3=&#8220;3=&#8220;3=&#8220;3=&#8220;3=&#8220;3=&#8220;3=&#8220;3=&#8220;3=&#8220;3=&#8220;3=&#8220;3=&#8220;3=&#8220;3=&#8220;&#8220;&#8220;&#8220;&#8220;&#8220;&#8220;&#8220;&#8220;&#8220;&#8220;&#8220;&#8220;&#8220;&#8220;&#8220;&#8220;&#8220;&#8220;&#8220;&#8220;&#8220;&#8220;&#8220;&#8220; image=&#8220;id:255|url:http%253A%252F%252Fapi.stilbrand.com%252Fwp-content%252Fuploads%252F2020%252F10%252Fflexiramp-moodbild.jpg&#8220; layout_type=&#8220;media_top&#8220; icon=&#8220;cl-icon-key2&#8243; icon_font_size=&#8220;51&#8243; wrapper_size=&#8220;75&#8243; title=&#8220;<u>Turnout<\/u>&#8220; service_link=&#8220;https:\/\/www.braunability.eu\/de\/produkte\/um-und-hinsetzen\/turnout\/&#8220; title_content_distance=&#8220;10&#8243; title_typography=&#8220;h6&#8243; css_style=&#8220;margin-top:|padding-top:25px|padding-left:25px|padding-bottom:25px|padding-right:25px&#8220;]Als Schwenksitz hilft der Turnout allen Menschen mit Schwierigkeiten beim Einsteigen ins Auto oder Umsteigen aus dem Rollstuhl. Der Turnout wird montiert zwischen Autositz und Fahrzeugboden. Er dreht den Autositz aus dem Auto heraus und ist sowohl auf der Fahrer- als auch auf der Beifahrerseite einbaubar. [\/cl_service][\/cl_column_inner][cl_column_inner width=&#8220;1\/2&#8243;][cl_service 0=&#8220;0=&#8220;0=&#8220;0=&#8220;0=&#8220;0=&#8220;0=&#8220;0=&#8220;0=&#8220;0=&#8220;0=&#8220;0=&#8220;0=&#8220;0=&#8220;0=&#8220;0=&#8220;0=&#8220;0=&#8220;0=&#8220;0=&#8220;0=&#8220;0=&#8220;1=&#8220;style=&#8220;letter-spacing:&#8220;&#8220;&#8220;&#8220;&#8220;&#8220;&#8220;&#8220;&#8220;&#8220;&#8220;&#8220;&#8220;&#8220;&#8220;&#8220;&#8220;&#8220;&#8220;&#8220;&#8220;&#8220;&#8220; 1=&#8220;1=&#8220;1=&#8220;1=&#8220;1=&#8220;1=&#8220;1=&#8220;1=&#8220;1=&#8220;1=&#8220;1=&#8220;1=&#8220;1=&#8220;1=&#8220;1=&#8220;1=&#8220;1=&#8220;1=&#8220;1=&#8220;1=&#8220;1=&#8220;1=&#8220;2=&#8220;0px&#8220;&gt;<u>api&#8220;&#8220;&#8220;&#8220;&#8220;&#8220;&#8220;&#8220;&#8220;&#8220;&#8220;&#8220;&#8220;&#8220;&#8220;&#8220;&#8220;&#8220;&#8220;&#8220;&#8220;&#8220;&#8220; 2=&#8220;2=&#8220;2=&#8220;2=&#8220;2=&#8220;2=&#8220;2=&#8220;2=&#8220;2=&#8220;2=&#8220;2=&#8220;2=&#8220;2=&#8220;2=&#8220;2=&#8220;2=&#8220;2=&#8220;2=&#8220;2=&#8220;2=&#8220;2=&#8220;2=&#8220;3=&#8220;FlexiRamp<\/u>&#8222;&#8220;&#8220;&#8220;&#8220;&#8220;&#8220;&#8220;&#8220;&#8220;&#8220;&#8220;&#8220;&#8220;&#8220; 3=&#8220;&#8220; 4=&#8220;4=&#8220;4=&#8220;4=&#8220;4=&#8220;4=&#8220;4=&#8220;4=&#8220;4=&#8220;4=&#8220;4=&#8220;4=&#8220;4=&#8220;4=&#8220;4=&#8220;4=&#8220;4=&#8220;4=&#8220;4=&#8220;4=&#8220;4=&#8220;style=&#8220;text-align:&#8220;&#8220;&#8220;&#8220;&#8220;&#8220;&#8220;&#8220;&#8220;&#8220;&#8220;&#8220;&#8220;&#8220;&#8220;&#8220;&#8220;&#8220;&#8220;&#8220;&#8220; 5=&#8220;&#8220; 6=&#8220;6=&#8220;6=&#8220;6=&#8220;6=&#8220;6=&#8220;6=&#8220;6=&#8220;6=&#8220;6=&#8220;6=&#8220;6=&#8220;6=&#8220;6=&#8220;6=&#8220;6=&#8220;6=&#8220;6=&#8220;6=&#8220;6=&#8220;6=&#8220;style=&#8220;letter-spacing:&#8220;&#8220;&#8220;&#8220;&#8220;&#8220;&#8220;&#8220;&#8220;&#8220;&#8220;&#8220;&#8220;&#8220;&#8220;&#8220;&#8220;&#8220;&#8220;&#8220;&#8220; 7=&#8220;7=&#8220;7=&#8220;7=&#8220;7=&#8220;7=&#8220;7=&#8220;7=&#8220;7=&#8220;7=&#8220;7=&#8220;7=&#8220;7=&#8220;7=&#8220;7=&#8220;7=&#8220;7=&#8220;7=&#8220;7=&#8220;7=&#8220;7=&#8220;0px&#8220;&gt;Custom&#8220;&#8220;&#8220;&#8220;&#8220;&#8220;&#8220;&#8220;&#8220;&#8220;&#8220;&#8220;&#8220;&#8220;&#8220;&#8220;&#8220;&#8220;&#8220;&#8220;&#8220; 8=&#8220;Service&#8220; 9=&#8220;9=&#8220;9=&#8220;9=&#8220;9=&#8220;9=&#8220;9=&#8220;9=&#8220;9=&#8220;9=&#8220;9=&#8220;9=&#8220;9=&#8220;9=&#8220;9=&#8220;9=&#8220;9=&#8220;9=&#8220;9=&#8220;9=&#8220;9=&#8220;Title&#8220;&#8220;&#8220;&#8220;&#8220;&#8220;&#8220;&#8220;&#8220;&#8220;&#8220;&#8220;&#8220;&#8220;&#8220; 10=&#8220;10=&#8220;10=&#8220;10=&#8220;10=&#8220;10=&#8220;10=&#8220;10=&#8220;10=&#8220;10=&#8220;10=&#8220;10=&#8220;10=&#8220;10=&#8220;10=&#8220;&#8220;&#8220;&#8220;&#8220;&#8220;&#8220;&#8220;&#8220;&#8220;&#8220;&#8220;&#8220;&#8220;&#8220;&#8220;&#8220;&#8220;&#8220;&#8220;&#8220;&#8220;&#8220; layout_type=&#8220;media_top&#8220; icon_font_size=&#8220;50&#8243; wrapper_size=&#8220;75&#8243; title=&#8220;<u>Evo Low Vehicle<\/u>&#8220; service_link=&#8220;https:\/\/www.braunability.eu\/de\/produkte\/um-und-hinsetzen\/turny-low-vehicle\/&#8220; title_content_distance=&#8220;10&#8243; title_typography=&#8220;h6&#8243; css_style=&#8220;margin-top:|padding-top:25px|padding-left:25px|padding-bottom:25px|padding-right:25px&#8220;]Dieser Schwenksitz sorgt daf\u00fcr, dass Rollstuhlfahrer bequem in ihr Auto und wieder hinaus gelangen. Der Evo Low Vehicle ist &#8211; wie der Name schon verr\u00e4t &#8211; speziell f\u00fcr niedrigere Fahrzeuge geeignet und bewegt sich ohne Hub stetig auf einer H\u00f6he. [\/cl_service][\/cl_column_inner][\/cl_row_inner][\/cl_column][\/cl_row][cl_row extra_class=&#8220;dark-button&#8220; background_image=&#8220;id:255|url:http%253A%252F%252Fapi.stilbrand.com%252Fwp-content%252Fuploads%252F2020%252F10%252Fflexiramp-moodbild.jpg&#8220; background_position=&#8220;center center&#8220; overlay=&#8220;color&#8220; overlay_color=&#8220;#e43417&#8243; overlay_opacity=&#8220;0.75&#8243;][cl_column][cl_text custom_typography=&#8220;1&#8243; text_font_size=&#8220;30&#8243; text_font_weight=&#8220;600&#8243; text_line_height=&#8220;37&#8243; text_color=&#8220;#ffffff&#8220; css_style=&#8220;margin-top:5px&#8220; custom_responsive_768_bool=&#8220;1&#8243;]<\/p>\n<p style=\"text-align: center\">Lernen Sie alle unsere Partnerunternehmen kennen!<\/p>\n<p>[\/cl_text][cl_button btn_title=&#8220;Zu unseren Partnern&#8220; link=&#8220;\/de\/partner\/&#8220;][\/cl_column][\/cl_row]<\/p>\n","protected":false},"excerpt":{"rendered":"<p>[cl_row extra_class=&#8220;service-teaser-row&#8220; css_style=&#8220;padding-top:40px|padding-bottom:0px&#8220;][cl_column][cl_custom_heading tag=&#8220;h1&#8243; typography=&#8220;h1&#8243; custom_responsive_768_bool=&#8220;1&#8243;] BraunAbility [\/cl_custom_heading][cl_custom_heading typography=&#8220;h3&#8243; css_style=&#8220;margin-top:px&#8220; custom_responsive_768_bool=&#8220;1&#8243;] Schwedische Kompetenz bei api [\/cl_custom_heading][cl_text css_style=&#8220;margin-top:15px&#8220;] Mit der schwedischen Firma Autoadapt schauen wir auf eine lange gemeinsame Partnerschaft zur\u00fcck. Seit 2018 geh\u00f6ren die Schweden zur europ\u00e4ischen Division der bereits 1972 gegr\u00fcndeten BraunAbility-Gruppe. Diese ist [&hellip;]<\/p>\n","protected":false},"author":1,"featured_media":0,"parent":1519,"menu_order":0,"comment_status":"closed","ping_status":"closed","template":"","meta":[],"_links":{"self":[{"href":"https:\/\/www.apide.de\/de\/wp-json\/wp\/v2\/pages\/1515"}],"collection":[{"href":"https:\/\/www.apide.de\/de\/wp-json\/wp\/v2\/pages"}],"about":[{"href":"https:\/\/www.apide.de\/de\/wp-json\/wp\/v2\/types\/page"}],"author":[{"embeddable":true,"href":"https:\/\/www.apide.de\/de\/wp-json\/wp\/v2\/users\/1"}],"replies":[{"embeddable":true,"href":"https:\/\/www.apide.de\/de\/wp-json\/wp\/v2\/comments?post=1515"}],"version-history":[{"count":18,"href":"https:\/\/www.apide.de\/de\/wp-json\/wp\/v2\/pages\/1515\/revisions"}],"predecessor-version":[{"id":4715,"href":"https:\/\/www.apide.de\/de\/wp-json\/wp\/v2\/pages\/1515\/revisions\/4715"}],"up":[{"embeddable":true,"href":"https:\/\/www.apide.de\/de\/wp-json\/wp\/v2\/pages\/1519"}],"wp:attachment":[{"href":"https:\/\/www.apide.de\/de\/wp-json\/wp\/v2\/media?parent=1515"}],"curies":[{"name":"wp","href":"https:\/\/api.w.org\/{rel}","templated":true}]}}