{"id":1513,"date":"2020-10-20T14:47:52","date_gmt":"2020-10-20T12:47:52","guid":{"rendered":"https:\/\/www.apide.de\/?page_id=1513"},"modified":"2021-02-10T11:13:02","modified_gmt":"2021-02-10T10:13:02","slug":"autolift","status":"publish","type":"page","link":"https:\/\/www.apide.de\/de\/partner\/autolift\/","title":{"rendered":"Autolift"},"content":{"rendered":"<p>[cl_row columns_gap=&#8220;19&#8243; css_style=&#8220;padding-top:0px|padding-bottom:0px&#8220; background_image=&#8220;id:3278|url:http%253A%252F%252Fapi.stilbrand.com%252Fwp-content%252Fuploads%252Fheader_autolift.jpg&#8220; background_position=&#8220;center center&#8220;][cl_column][cl_empty space=&#8220;300px&#8220;][\/cl_column][\/cl_row][cl_row css_style=&#8220;padding-bottom:0&#8243;][cl_column][cl_custom_heading tag=&#8220;h1&#8243; typography=&#8220;h1&#8243; custom_responsive_768_bool=&#8220;1&#8243;]<\/p>\n<p style=\"text-align: left\">Autolift<\/p>\n<p>\t[\/cl_custom_heading][cl_custom_heading typography=&#8220;h3&#8243; css_style=&#8220;margin-top:0px&#8220; custom_responsive_768_bool=&#8220;1&#8243;]<\/p>\n<p style=\"text-align: left\">Mobilit\u00e4t aus Italien<\/p>\n<p>\t[\/cl_custom_heading][cl_text css_style=&#8220;margin-top:15px&#8220;]<\/p>\n<p>Die Autolift S.r.l. ist ein italienischer Hersteller von Produkten f\u00fcr die Bef\u00f6rderung von Menschen mit Behinderung in PKWs, Rettungswagen und Bussen. Zum Angebotsportfolio geh\u00f6ren unter anderem Doppelarm-, Unterflur- und Kassettenlifte, Trittstufen und Alu-Auffahrrampen. Diese erm\u00f6glichen Personen mit Mobilit\u00e4tseinschr\u00e4nkungen den Zugang zu Autos, Z\u00fcgen, Schiffen, Flugzeugen und Schwimmb\u00e4dern.<\/p>\n<p>\nProfitieren Sie von unserer Erfahrung und dem breiten Know-how, das wir uns als zertifizierte Vertragsh\u00e4ndler mit den Produkten von Autolift angeeignet haben. Gern beraten wir Sie.<\/p>\n<p>\nBesonders gute Erfahrungen haben wir mit den verschiedenen <a href=\"http:\/\/www.autoliftsrl.com\/de\/lifte-fuer-rollstuehle\/\" class=\"customize-unpreviewable\"><u>Rollstuhlliften<\/u><\/a>, dem Kassettenlift Multilink F6 Evo und dem Aluminium-Lift Piuma Bai. Die letztgenannten Produkte stellen wir folgend etwas n\u00e4her vor. <\/p>\n<p>[\/cl_text][\/cl_column][\/cl_row][cl_row extra_class=&#8220;service-teaser-row&#8220; css_style=&#8220;padding-top:0px|padding-bottom:0px&#8220;][cl_column][cl_row_inner][cl_column_inner width=&#8220;1\/2&#8243;][cl_service 0=&#8220;0=&#8220;0=&#8220;0=&#8220;0=&#8220;0=&#8220;0=&#8220;0=&#8220;0=&#8220;0=&#8220;0=&#8220;0=&#8220;0=&#8220;0=&#8220;0=&#8220;0=&#8220;0=&#8220;1=&#8220;style=&#8220;letter-spacing:&#8220;&#8220;&#8220;&#8220;&#8220;&#8220;&#8220;&#8220;&#8220;&#8220;&#8220;&#8220;&#8220;&#8220;&#8220;&#8220;&#8220;&#8220; 1=&#8220;1=&#8220;1=&#8220;1=&#8220;1=&#8220;1=&#8220;1=&#8220;1=&#8220;1=&#8220;1=&#8220;1=&#8220;1=&#8220;1=&#8220;1=&#8220;1=&#8220;1=&#8220;1=&#8220;2=&#8220;0px&#8220;&gt;<u>api&#8220;&#8220;&#8220;&#8220;&#8220;&#8220;&#8220;&#8220;&#8220;&#8220;&#8220;&#8220;&#8220;&#8220;&#8220;&#8220;&#8220;&#8220; 2=&#8220;2=&#8220;2=&#8220;2=&#8220;2=&#8220;2=&#8220;2=&#8220;2=&#8220;2=&#8220;2=&#8220;2=&#8220;2=&#8220;2=&#8220;2=&#8220;2=&#8220;2=&#8220;2=&#8220;3=&#8220;Robot<\/u>&#8222;&#8220;&#8220;&#8220;&#8220;&#8220;&#8220;&#8220;&#8220;&#8220; 3=&#8220;3=&#8220;3=&#8220;3=&#8220;3=&#8220;3=&#8220;3=&#8220;3=&#8220;3=&#8220;3=&#8220;&#8220;&#8220;&#8220;&#8220;&#8220;&#8220;&#8220;&#8220;&#8220;&#8220;&#8220;&#8220;&#8220;&#8220;&#8220;&#8220;&#8220;&#8220;&#8220; image=&#8220;id:255|url:http%253A%252F%252Fapi.stilbrand.com%252Fwp-content%252Fuploads%252F2020%252F10%252Fflexiramp-moodbild.jpg&#8220; layout_type=&#8220;media_top&#8220; icon=&#8220;cl-icon-key2&#8243; icon_font_size=&#8220;51&#8243; wrapper_size=&#8220;75&#8243; title=&#8220;<u>Kassettenlift Multilink F6 Evo<\/u>&#8220; service_link=&#8220;http:\/\/www.autoliftsrl.com\/de\/f6-multilink-unterflur-seitlich\/&#8220; title_content_distance=&#8220;10&#8243; title_typography=&#8220;h6&#8243; css_style=&#8220;margin-top:px|padding-top:25px|padding-right:25px|padding-bottom:25px|padding-left:25px&#8220;]<\/p>\n<p style=\"text-align: left\">Dieses Unterflur-Systems hat eine Tragkraft von 300 Kilogramm. Zum Einbau sind keine Fahrzeug-Modifikationen am Fahrzeugtank oder der Abgasanlage n\u00f6tig. Der flexible Lift ist vorgesehen f\u00fcr den seitlichen Einbau in die Fahrzeuge von Volkswagen, Mercedes-Benz, Toyota, Ford und viele mehr. Auf Wunsch wird eine Funkfernbedienung mitgeliefert. <\/p>\n<p>[\/cl_service][\/cl_column_inner][cl_column_inner width=&#8220;1\/2&#8243;][cl_service 0=&#8220;0=&#8220;0=&#8220;0=&#8220;0=&#8220;0=&#8220;0=&#8220;0=&#8220;0=&#8220;0=&#8220;0=&#8220;0=&#8220;0=&#8220;0=&#8220;0=&#8220;0=&#8220;0=&#8220;1=&#8220;style=&#8220;letter-spacing:&#8220;&#8220;&#8220;&#8220;&#8220;&#8220;&#8220;&#8220;&#8220;&#8220;&#8220;&#8220;&#8220;&#8220;&#8220;&#8220;&#8220;&#8220; 1=&#8220;1=&#8220;1=&#8220;1=&#8220;1=&#8220;1=&#8220;1=&#8220;1=&#8220;1=&#8220;1=&#8220;1=&#8220;1=&#8220;1=&#8220;1=&#8220;1=&#8220;1=&#8220;1=&#8220;2=&#8220;0px&#8220;&gt;<u>api&#8220;&#8220;&#8220;&#8220;&#8220;&#8220;&#8220;&#8220;&#8220;&#8220;&#8220;&#8220;&#8220;&#8220;&#8220;&#8220;&#8220;&#8220; 2=&#8220;2=&#8220;2=&#8220;2=&#8220;2=&#8220;2=&#8220;2=&#8220;2=&#8220;2=&#8220;2=&#8220;2=&#8220;2=&#8220;2=&#8220;2=&#8220;2=&#8220;2=&#8220;2=&#8220;3=&#8220;FlexiRamp<\/u>&#8222;&#8220;&#8220;&#8220;&#8220;&#8220;&#8220;&#8220;&#8220;&#8220; 3=&#8220;&#8220; 4=&#8220;4=&#8220;4=&#8220;4=&#8220;4=&#8220;4=&#8220;4=&#8220;4=&#8220;4=&#8220;4=&#8220;4=&#8220;4=&#8220;4=&#8220;4=&#8220;4=&#8220;4=&#8220;style=&#8220;text-align:&#8220;&#8220;&#8220;&#8220;&#8220;&#8220;&#8220;&#8220;&#8220;&#8220;&#8220;&#8220;&#8220;&#8220;&#8220;&#8220; 5=&#8220;&#8220; 6=&#8220;6=&#8220;6=&#8220;6=&#8220;6=&#8220;6=&#8220;6=&#8220;6=&#8220;6=&#8220;6=&#8220;6=&#8220;6=&#8220;6=&#8220;6=&#8220;6=&#8220;6=&#8220;style=&#8220;letter-spacing:&#8220;&#8220;&#8220;&#8220;&#8220;&#8220;&#8220;&#8220;&#8220;&#8220;&#8220;&#8220;&#8220;&#8220;&#8220;&#8220; 7=&#8220;7=&#8220;7=&#8220;7=&#8220;7=&#8220;7=&#8220;7=&#8220;7=&#8220;7=&#8220;7=&#8220;7=&#8220;7=&#8220;7=&#8220;7=&#8220;7=&#8220;7=&#8220;0px&#8220;&gt;Custom&#8220;&#8220;&#8220;&#8220;&#8220;&#8220;&#8220;&#8220;&#8220;&#8220;&#8220;&#8220;&#8220;&#8220;&#8220;&#8220; 8=&#8220;Service&#8220; 9=&#8220;9=&#8220;9=&#8220;9=&#8220;9=&#8220;9=&#8220;9=&#8220;9=&#8220;9=&#8220;9=&#8220;9=&#8220;9=&#8220;9=&#8220;9=&#8220;9=&#8220;9=&#8220;Title&#8220;&#8220;&#8220;&#8220;&#8220;&#8220;&#8220;&#8220;&#8220;&#8220; 10=&#8220;10=&#8220;10=&#8220;10=&#8220;10=&#8220;10=&#8220;10=&#8220;10=&#8220;10=&#8220;10=&#8220;&#8220;&#8220;&#8220;&#8220;&#8220;&#8220;&#8220;&#8220;&#8220;&#8220;&#8220;&#8220;&#8220;&#8220;&#8220;&#8220;&#8220; layout_type=&#8220;media_top&#8220; icon_font_size=&#8220;50&#8243; wrapper_size=&#8220;75&#8243; title=&#8220;<u>Aluminium-Lift Piuma BAI<\/u>&#8220; service_link=&#8220;http:\/\/www.autoliftsrl.com\/de\/ganze-plattform-bai-1401-1402\/&#8220; title_content_distance=&#8220;10&#8243; title_typography=&#8220;h6&#8243; css_style=&#8220;margin-top:|padding-top:25px|padding-right:25px|padding-bottom:25px|padding-left:25px&#8220;]Die Hebeb\u00fchnen der BAI-Serie verf\u00fcgen \u00fcber eine zweiarmige und horizontale Aluminium-Plattform, die elektro-hydraulisch bewegt werden kann. Diese Lifte k\u00f6nnen sowohl hinten als auch seitlich montiert werden. Sie sind korrosionsbest\u00e4ndig, in verschiedenen Gr\u00f6\u00dfen erh\u00e4ltlich und sparen durch ihr geringe Gewicht Kraftstoff. <\/p>\n<p><\/p>\n<p>[\/cl_service][\/cl_column_inner][\/cl_row_inner][\/cl_column][\/cl_row][cl_row extra_class=&#8220;dark-button&#8220; background_image=&#8220;id:255|url:http%253A%252F%252Fapi.stilbrand.com%252Fwp-content%252Fuploads%252F2020%252F10%252Fflexiramp-moodbild.jpg&#8220; background_position=&#8220;center center&#8220; overlay=&#8220;color&#8220; overlay_color=&#8220;#e43417&#8243; overlay_opacity=&#8220;0.75&#8243;][cl_column][cl_text custom_typography=&#8220;1&#8243; text_font_size=&#8220;30&#8243; text_font_weight=&#8220;600&#8243; text_line_height=&#8220;37&#8243; text_color=&#8220;#ffffff&#8220; css_style=&#8220;margin-top:5px&#8220; custom_responsive_768_bool=&#8220;1&#8243;]<\/p>\n<p style=\"text-align: center\">Wir arbeiten mit vielen weiteren interessanten Partnern zusammen.<\/p>\n<p style=\"text-align: center\"><span style=\"font-weight: normal\">Erfahren Sie mehr \u00fcber die M\u00f6glichkeiten des behindertengerechten Autoumbaus!<\/span><\/p>\n<p>[\/cl_text][cl_button btn_title=&#8220;Unsere Partner&#8220; link=&#8220;\/de\/partner\/&#8220;][\/cl_column][\/cl_row]<\/p>\n","protected":false},"excerpt":{"rendered":"<p>[cl_row columns_gap=&#8220;19&#8243; css_style=&#8220;padding-top:0px|padding-bottom:0px&#8220; background_image=&#8220;id:3278|url:http%253A%252F%252Fapi.stilbrand.com%252Fwp-content%252Fuploads%252Fheader_autolift.jpg&#8220; background_position=&#8220;center center&#8220;][cl_column][cl_empty space=&#8220;300px&#8220;][\/cl_column][\/cl_row][cl_row css_style=&#8220;padding-bottom:0&#8243;][cl_column][cl_custom_heading tag=&#8220;h1&#8243; typography=&#8220;h1&#8243; custom_responsive_768_bool=&#8220;1&#8243;] Autolift [\/cl_custom_heading][cl_custom_heading typography=&#8220;h3&#8243; css_style=&#8220;margin-top:0px&#8220; custom_responsive_768_bool=&#8220;1&#8243;] Mobilit\u00e4t aus Italien [\/cl_custom_heading][cl_text css_style=&#8220;margin-top:15px&#8220;] Die Autolift S.r.l. ist ein italienischer Hersteller von Produkten f\u00fcr die Bef\u00f6rderung von Menschen mit Behinderung in PKWs, Rettungswagen und Bussen. Zum Angebotsportfolio geh\u00f6ren [&hellip;]<\/p>\n","protected":false},"author":1,"featured_media":0,"parent":1519,"menu_order":1,"comment_status":"closed","ping_status":"closed","template":"","meta":[],"_links":{"self":[{"href":"https:\/\/www.apide.de\/de\/wp-json\/wp\/v2\/pages\/1513"}],"collection":[{"href":"https:\/\/www.apide.de\/de\/wp-json\/wp\/v2\/pages"}],"about":[{"href":"https:\/\/www.apide.de\/de\/wp-json\/wp\/v2\/types\/page"}],"author":[{"embeddable":true,"href":"https:\/\/www.apide.de\/de\/wp-json\/wp\/v2\/users\/1"}],"replies":[{"embeddable":true,"href":"https:\/\/www.apide.de\/de\/wp-json\/wp\/v2\/comments?post=1513"}],"version-history":[{"count":13,"href":"https:\/\/www.apide.de\/de\/wp-json\/wp\/v2\/pages\/1513\/revisions"}],"predecessor-version":[{"id":3864,"href":"https:\/\/www.apide.de\/de\/wp-json\/wp\/v2\/pages\/1513\/revisions\/3864"}],"up":[{"embeddable":true,"href":"https:\/\/www.apide.de\/de\/wp-json\/wp\/v2\/pages\/1519"}],"wp:attachment":[{"href":"https:\/\/www.apide.de\/de\/wp-json\/wp\/v2\/media?parent=1513"}],"curies":[{"name":"wp","href":"https:\/\/api.w.org\/{rel}","templated":true}]}}