{"id":1172,"date":"2020-10-19T16:45:55","date_gmt":"2020-10-19T14:45:55","guid":{"rendered":"https:\/\/www.apide.de\/?page_id=1172"},"modified":"2024-09-24T09:00:24","modified_gmt":"2024-09-24T07:00:24","slug":"flexi-ramp","status":"publish","type":"page","link":"https:\/\/www.apide.de\/de\/produkte\/flexi-ramp\/","title":{"rendered":"Flexi Ramp"},"content":{"rendered":"\n<p>[cl_row columns_gap=&#8220;19&#8243; css_style=&#8220;padding-top:0px|padding-bottom:0px&#8220; background_image=&#8220;id:2258|url:http%253A%252F%252Fapi.stilbrand.com%252Fwp-content%252Fuploads%252F2020%252F11%252Fflexiramp_range.jpg&#8220; background_position=&#8220;center center&#8220;][cl_column][cl_empty space=&#8220;300px&#8220;][\/cl_column][\/cl_row]<\/p>\n\n\n<p>[cl_row css_style=&#8220;padding-bottom:0&#8243;][cl_column][cl_custom_heading tag=&#8220;h1&#8243; typography=&#8220;h1&#8243; custom_responsive_768_bool=&#8220;1&#8243;]<\/p>\n<p style=\"text-align: left;\">Rollstuhlrampe Flexiramp<\/p>\n<p>[\/cl_custom_heading][cl_custom_heading typography=&#8220;h3&#8243; css_style=&#8220;margin-top:0px&#8220; custom_responsive_768_bool=&#8220;1&#8243;]<\/p>\n<p style=\"text-align: left;\">Mobilit\u00e4t f\u00fcr Rollstuhlfahrer<\/p>\n<p>[\/cl_custom_heading][cl_text css_style=&#8220;margin-top:15px&#8220;]<\/p>\n<p>Rollstuhlfahrer wollen im Lebensalltag mobil bleiben, am besten mit dem eigenen behindertengerechten Auto. Daf\u00fcr ist die Rollstuhlrampe FlexiRamp die perfekte L\u00f6sung. \u00dcber diese ausklappbare Rampe k\u00f6nnen Rollstuhlfahrer kinderleicht in ihr Auto ein- und ausfahren. <\/p>\n<p>[\/cl_text][cl_custom_heading typography=&#8220;h5&#8243;]<\/p>\n<p>Alle Vorteile der FlexiRamp f\u00fcr Mobilit\u00e4tseingeschr\u00e4nkte<\/p>\n<p>[\/cl_custom_heading][cl_list][cl_list_item]H\u00f6chstm\u00f6gliche Insassen-Sicherheit durch zertifizierten Aufprallschutz (Crashtests nach strengsten US-Vorschriften) [\/cl_list_item][cl_list_item]Schnelles und bequemes Ein- und Ausfahren durch branchenweit flachsten Rampenwinkel [\/cl_list_item][cl_list_item]M\u00fchelose Bedienung ohne Kraftaufwand durch ZeroEffort-Konzept[\/cl_list_item][cl_list_item]Komfortables, sicheres Fahrerlebnis durch niedrigen Rollstuhl-Schwerpunkt[\/cl_list_item][cl_list_item]H\u00f6chste Flexibilit\u00e4t bei der Fahrzeugwahl durch ma\u00dfgeschneiderte FlexiRamps f\u00fcr viele Modelle unserer Premium-Partner Volkswagen, Skoda, Fiat, Ford, Toyota und des franz\u00f6sischen PSA-Konzerns (u.a. Citro\u00ebn, Peugeot, Opel)[\/cl_list_item][\/cl_list][\/cl_column][\/cl_row]<\/p>\n\n\n<p>[cl_row][cl_column][cl_custom_heading custom_responsive_768_bool=&#8220;1&#8243;]<\/p>\n<p>FlexiRamp ist Benchmark f\u00fcr Rollstuhlrampen<\/p>\n<p>[\/cl_custom_heading][cl_text]<\/p>\n<p>Als die FlexiRamp 2008 erstmals auf den Markt kam, setzte das Produkt sofort neue Ma\u00dfst\u00e4be f\u00fcr den Transport von Rollstuhlfahrern. Seitdem halten die API-Ingenieure den  Innovationsvorsprung. Wettbewerber kopieren viele unserer Ideen, errechnen jedoch nie die Qualit\u00e4t des Originals, das weiter den Ma\u00dfstab f\u00fcr Rollstuhlrampen setzt und das nach wie vor die Standardl\u00f6sung f\u00fcr ein rollstuhlgerechtes Auto mit Rampe ist.  <\/p>\n<p>20.000 zufriedene K\u00e4ufer weltweit k\u00f6nnen nicht irren. Geben Sie sich nicht mit einer billigen Kopie zufrieden, sondern w\u00e4hlen Sie die FlexiRamp mit dem attraktivsten Preis-Leistungsverh\u00e4ltnis im Markt &#8211; dem \u201cMercedes\u201d unter den Rollstuhlrampen.  <\/p>\n<p>[\/cl_text][cl_gallery distance=&#8220;6&#8243; images=&#8220;__array__3304,3308,3312__array__end__&#8220;][\/cl_column][\/cl_row]<\/p>\n\n\n<p>[cl_row][cl_column][cl_row_inner][cl_column_inner width=&#8220;1\/2&#8243;][cl_custom_heading typography=&#8220;h6&#8243;]<\/p>\n<p>Ma\u00dfgeschneiderte FlexiRamp-Baus\u00e4tze f\u00fcr viele Fahrzeugmodelle<\/p>\n<p>[\/cl_custom_heading][cl_text]<\/p>\n<p>Wir haben die FlexiRamp einzig mit dem Ziel entwickelt, das t\u00e4gliche Leben von gehandicapten Menschen zu erleichtern. Bis dahin war der Markt bestimmt von technisch unausgereiften Behindertenfahrzeugen. Diese waren nur rudiment\u00e4r ausgestattet, wurden in kleiner St\u00fcckzahl produziert und deswegen sehr teuer verkauft.<\/p>\n<p>Die FlexiRamp basiert auf der Idee, Standard-Modelle gro\u00dfer Fahrzeughersteller ma\u00dfgeschneidert auf die Bed\u00fcrfnisse von Rollstuhlfahrern umzubauen. Mit dieser simplen wie genialen Innovation haben wir das api-System zu einem echten Gamechanger gemacht, der bis heute tausende Menschen gl\u00fccklicher und zufriedener macht.<\/p>\n<p>[\/cl_text][\/cl_column_inner][cl_column_inner width=&#8220;1\/2&#8243;][cl_gallery carousel=&#8220;1&#8243; carousel_view_items=&#8220;1&#8243; carousel_nav=&#8220;1&#8243; images=&#8220;__array__2266,2262__array__end__&#8220; distance=&#8220;12&#8243; lightbox=&#8220;0&#8243;][cl_text custom_typography=&#8220;1&#8243; text_font_size=&#8220;16&#8243; text_font_weight=&#8220;600&#8243; text_transform=&#8220;uppercase&#8220; text_color=&#8220;#c5c6c8&#8243;]<\/p>\n<p style=\"text-align: right;\">Ausbaubeispiele:<br \/>\n<span style=\"letter-spacing: 0px;\">Citroen Berlingo \/ Peugeot Rifter \/ Opel Combo<\/span><\/p>\n<p>[\/cl_text][\/cl_column_inner][\/cl_row_inner][\/cl_column][\/cl_row]<\/p>\n\n\n<p>[cl_row extra_class=&#8220;no-dark-mode&#8220;][cl_column background_color=&#8220;#e2e3e4&#8243; css_style=&#8220;padding-top:30px|padding-left:45px|padding-right:45px&#8220; animation=&#8220;zoom-in&#8220; animation_delay=&#8220;400&#8243;][cl_row_inner][cl_column_inner width=&#8220;1\/2&#8243;][cl_custom_heading custom_responsive_768_bool=&#8220;1&#8243;]Das Zero Effort Konzept[\/cl_custom_heading][cl_text]<\/p>\n<p>Wir \u00fcbertreffen Ma\u00dfst\u00e4be! Wir stellen Ihnen das revolution\u00e4re Bedienungssystem unserer FlexiRamp vor. Alle unsere Rampen zeichneten sich bisher durch ihre Benutzerfreundlichkeit aus \u2013 jetzt sind sie m\u00fchelos. Kurz gesagt: ZeroEffort! Die FlexiRamp bietet beim aus- und umklappen nahezu keinen Widerstand. Besuchen sie uns oder bestellen Sie gleich unsere neue Doblo FlexiRamp ZeroEffort.<\/p>\n<p>[\/cl_text][cl_button btn_title=&#8220;Mehr \u00fcber FlexiRamp Zero Effort&#8220; link=&#8220;http:\/\/www.flexiramp.com\/zeroeffort-concept-1&#8243;][\/cl_column_inner][cl_column_inner width=&#8220;1\/2&#8243;][cl_media media_type=&#8220;video&#8220; image=&#8220;id:1017|url:http%253A%252F%252Fapi.stilbrand.com%252Fwp-content%252Fuploads%252F2020%252F10%252Fbeispiel1.jpg&#8220; shadow=&#8220;0&#8243; video=&#8220;youtube&#8220; video_youtube=&#8220;Dgq6kZOtTtQ&#8220; autoplay=&#8220;0&#8243;][\/cl_column_inner][\/cl_row_inner][\/cl_column][\/cl_row]<\/p>\n\n\n\n<p>[cl_row][cl_column][cl_gallery images=&#8220;__array__2017,2013,2009,2005,2001,1997,3521,3393__array__end__&#8220; lightbox=&#8220;0&#8243; distance=&#8220;8&#8243;][\/cl_column][\/cl_row][cl_row overlay_color=&#8220;#57585a&#8220; overlay_opacity=&#8220;0.65&#8243; background_position=&#8220;center center&#8220;][cl_column background_image=&#8220;id:2238|url:http%253A%252F%252Fapi.stilbrand.com%252Fwp-content%252Fuploads%252F2020%252F11%252Funterwegs2.jpg&#8220; css_style=&#8220;padding-top:30px|padding-left:30px|padding-right:20px&#8220; background_position=&#8220;center center&#8220; overlay=&#8220;color&#8220; overlay_color=&#8220;#57585a&#8220; overlay_opacity=&#8220;0.75&#8243;][cl_row_inner][cl_column_inner width=&#8220;1\/2&#8243;][cl_text custom_typography=&#8220;1&#8243; text_font_size=&#8220;40&#8243; text_font_weight=&#8220;700&#8243; text_line_height=&#8220;48&#8243; text_color=&#8220;#ffffff&#8220; custom_responsive_768_bool=&#8220;1&#8243;]Holen Sie sich noch heute Ihr unverbindliches Angebot![\/cl_text][\/cl_column_inner][cl_column_inner width=&#8220;1\/2&#8243;][cl_contact_form7 id=&#8220;3461&#8243;][\/cl_column_inner][\/cl_row_inner][\/cl_column][\/cl_row]<\/p>\n","protected":false},"excerpt":{"rendered":"<p>[cl_row columns_gap=&#8220;19&#8243; css_style=&#8220;padding-top:0px|padding-bottom:0px&#8220; background_image=&#8220;id:2258|url:http%253A%252F%252Fapi.stilbrand.com%252Fwp-content%252Fuploads%252F2020%252F11%252Fflexiramp_range.jpg&#8220; background_position=&#8220;center center&#8220;][cl_column][cl_empty space=&#8220;300px&#8220;][\/cl_column][\/cl_row] [cl_row][cl_column][cl_gallery images=&#8220;__array__2017,2013,2009,2005,2001,1997,3521,3393__array__end__&#8220; lightbox=&#8220;0&#8243; distance=&#8220;8&#8243;][\/cl_column][\/cl_row][cl_row overlay_color=&#8220;#57585a&#8220; overlay_opacity=&#8220;0.65&#8243; background_position=&#8220;center center&#8220;][cl_column background_image=&#8220;id:2238|url:http%253A%252F%252Fapi.stilbrand.com%252Fwp-content%252Fuploads%252F2020%252F11%252Funterwegs2.jpg&#8220; css_style=&#8220;padding-top:30px|padding-left:30px|padding-right:20px&#8220; background_position=&#8220;center center&#8220; overlay=&#8220;color&#8220; overlay_color=&#8220;#57585a&#8220; overlay_opacity=&#8220;0.75&#8243;][cl_row_inner][cl_column_inner width=&#8220;1\/2&#8243;][cl_text custom_typography=&#8220;1&#8243; text_font_size=&#8220;40&#8243; text_font_weight=&#8220;700&#8243; text_line_height=&#8220;48&#8243; text_color=&#8220;#ffffff&#8220; custom_responsive_768_bool=&#8220;1&#8243;]Holen Sie sich noch heute Ihr unverbindliches Angebot![\/cl_text][\/cl_column_inner][cl_column_inner width=&#8220;1\/2&#8243;][cl_contact_form7 id=&#8220;3461&#8243;][\/cl_column_inner][\/cl_row_inner][\/cl_column][\/cl_row]<\/p>\n","protected":false},"author":1,"featured_media":0,"parent":1170,"menu_order":0,"comment_status":"closed","ping_status":"closed","template":"","meta":[],"_links":{"self":[{"href":"https:\/\/www.apide.de\/de\/wp-json\/wp\/v2\/pages\/1172"}],"collection":[{"href":"https:\/\/www.apide.de\/de\/wp-json\/wp\/v2\/pages"}],"about":[{"href":"https:\/\/www.apide.de\/de\/wp-json\/wp\/v2\/types\/page"}],"author":[{"embeddable":true,"href":"https:\/\/www.apide.de\/de\/wp-json\/wp\/v2\/users\/1"}],"replies":[{"embeddable":true,"href":"https:\/\/www.apide.de\/de\/wp-json\/wp\/v2\/comments?post=1172"}],"version-history":[{"count":83,"href":"https:\/\/www.apide.de\/de\/wp-json\/wp\/v2\/pages\/1172\/revisions"}],"predecessor-version":[{"id":5004,"href":"https:\/\/www.apide.de\/de\/wp-json\/wp\/v2\/pages\/1172\/revisions\/5004"}],"up":[{"embeddable":true,"href":"https:\/\/www.apide.de\/de\/wp-json\/wp\/v2\/pages\/1170"}],"wp:attachment":[{"href":"https:\/\/www.apide.de\/de\/wp-json\/wp\/v2\/media?parent=1172"}],"curies":[{"name":"wp","href":"https:\/\/api.w.org\/{rel}","templated":true}]}}